{"id":10446,"date":"2024-03-26T09:31:52","date_gmt":"2024-03-26T08:31:52","guid":{"rendered":"https:\/\/bivouhack.fr\/?page_id=10446"},"modified":"2024-03-26T09:39:02","modified_gmt":"2024-03-26T08:39:02","slug":"japon","status":"publish","type":"page","link":"https:\/\/bivouhack.fr\/index.php\/japon\/","title":{"rendered":"Japon !"},"content":{"rendered":"\n<figure class=\"wp-block-image alignright size-large\"><img decoding=\"async\" src=\"https:\/\/bivouhack.fr\/wp-content\/uploads\/2021\/12\/blatte-mignonne_33070-2633-150x150.webp\" alt=\"\"\/><figcaption class=\"wp-element-caption\">Damdam le Cancrelat \u00e0 deux jambes et quatre bras. Pratique pour faire la vaisselle !<\/figcaption><\/figure>\n\n\n\n<p>Entre tradition et modernit\u00e9, suivez en live une ann\u00e9e palpitante d&rsquo;aventure avec Damdam le Cancrelat. \u00c9crivain, dramaturge, urbaniste et toujours couch\u00e9 avant 22h, cet \u00eatre de sciences et de lumi\u00e8re vous fera d\u00e9couvrir les moindres recoins du pays du soleil levant. <strong>D\u00d4MO\u00a0ARIGAT\u00d4\u00a0GOZAIMASU DAMDAM SENSE\u00cf !<\/strong><\/p>\n\n\n<div id=\"travelersmap-container-69f501a53b38f\" class=\"travelersmap-container\" style=\"z-index: 1; min-height: 10px; min-width:10px; height:600px;width:100%; max-width:; max-height:; position:relative;\"><div style=\"position:absolute; z-index:-1;top: 50%;text-align: center;display: block;left: 50%;transform: translate(-50%,-50%);\">Travelers' Map is loading...<br>If you see this after your page is loaded completely, leafletJS files are missing.<\/div><\/div>\n\n\n\n<p><\/p>\n\n\n\n<h2 class=\"wp-block-heading\">Les derniers articles<\/h2>\n\n\n<ul class=\"wp-block-latest-posts__list has-dates wp-block-latest-posts\"><li><div class=\"wp-block-latest-posts__featured-image alignleft\"><img decoding=\"async\" width=\"150\" height=\"150\" src=\"https:\/\/bivouhack.fr\/wp-content\/uploads\/2025\/02\/Capture-decran-2025-02-21-120117-150x150.jpg\" class=\"attachment-thumbnail size-thumbnail wp-post-image\" alt=\"\" style=\"max-width:150px;max-height:150px;\" sizes=\"100vw\" \/><\/div><a class=\"wp-block-latest-posts__post-title\" href=\"https:\/\/bivouhack.fr\/index.php\/2025\/02\/21\/japon-8-cherche-guilde-pvp-hl-dispo-journees\/\">Japon #8 : Cherche Guilde PvP HL, dispo journ\u00e9es<\/a><time datetime=\"2025-02-21T12:02:38+01:00\" class=\"wp-block-latest-posts__post-date\">21 f\u00e9vrier 2025<\/time><div class=\"wp-block-latest-posts__post-excerpt\">Me revoil\u00e0 \u00e0 Tokyo. D\u00e9cid\u00e9ment je kiffe bien cette map. J&rsquo;ai gagn\u00e9 des lvl de japonais depuis f\u00e9vrier, j&rsquo;ai besoin d&rsquo;un nouveau job, alors je change ma fa\u00e7on de le chercher. Cette fois, je vise : Je bombarde des boites de CV, assez efficacement. Et je me bouge le cul pour entrer dans des restos &hellip; <p class=\"link-more\"><a href=\"https:\/\/bivouhack.fr\/index.php\/2025\/02\/21\/japon-8-cherche-guilde-pvp-hl-dispo-journees\/\" class=\"more-link\">Lire la suite de<span class=\"screen-reader-text\">\u00ab\u00a0Japon #8 : Cherche Guilde PvP HL, dispo journ\u00e9es\u00a0\u00bb<\/span><\/a><\/p><\/div><\/li>\n<li><div class=\"wp-block-latest-posts__featured-image alignleft\"><img decoding=\"async\" width=\"150\" height=\"150\" src=\"https:\/\/bivouhack.fr\/wp-content\/uploads\/2025\/02\/P7191681-150x150.jpg\" class=\"attachment-thumbnail size-thumbnail wp-post-image\" alt=\"\" style=\"max-width:150px;max-height:150px;\" sizes=\"100vw\" \/><\/div><a class=\"wp-block-latest-posts__post-title\" href=\"https:\/\/bivouhack.fr\/index.php\/2025\/02\/11\/japon-7-cest-lheure-des-vacances\/\">Japon #7 : C&rsquo;est l&rsquo;heure des vacances<\/a><time datetime=\"2025-02-11T17:06:17+01:00\" class=\"wp-block-latest-posts__post-date\">11 f\u00e9vrier 2025<\/time><div class=\"wp-block-latest-posts__post-excerpt\">Dans mon dernier article, je disais d\u00e9j\u00e0 que je n\u2019\u00e9crivais pas beaucoup pour le bivouhack \u00e0 cause de mon roman. Eh bien c\u2019est rest\u00e9 vrai longtemps. Le roman est termin\u00e9 \u00e0 pr\u00e9sent. En quelque sorte. Je l\u2019ai envoy\u00e9 \u00e0 des maisons d\u2019\u00e9ditions. Il y aura s\u00fbrement des ajustements \u00e0 faire, j\u2019en ai d\u00e9j\u00e0 en t\u00eate, &hellip; <p class=\"link-more\"><a href=\"https:\/\/bivouhack.fr\/index.php\/2025\/02\/11\/japon-7-cest-lheure-des-vacances\/\" class=\"more-link\">Lire la suite de<span class=\"screen-reader-text\">\u00ab\u00a0Japon #7 : C&rsquo;est l&rsquo;heure des vacances\u00a0\u00bb<\/span><\/a><\/p><\/div><\/li>\n<li><div class=\"wp-block-latest-posts__featured-image alignleft\"><img decoding=\"async\" width=\"150\" height=\"150\" src=\"https:\/\/bivouhack.fr\/wp-content\/uploads\/2024\/05\/20240516_155730-150x150.jpg\" class=\"attachment-thumbnail size-thumbnail wp-post-image\" alt=\"\" style=\"max-width:150px;max-height:150px;\" sizes=\"100vw\" \/><\/div><a class=\"wp-block-latest-posts__post-title\" href=\"https:\/\/bivouhack.fr\/index.php\/2024\/05\/20\/japon-6-je-fais-tourner-leconomie-japonaise\/\">Japon #6 : Je fais tourner l&rsquo;\u00e9conomie japonaise<\/a><time datetime=\"2024-05-20T12:07:39+02:00\" class=\"wp-block-latest-posts__post-date\">20 mai 2024<\/time><div class=\"wp-block-latest-posts__post-excerpt\">A Tokyo, la vie suit son cours. J\u2019\u00e9cris beaucoup pour ma s\u00e9rie litt\u00e9raire, que j\u2019envisage maintenant de transformer en v\u00e9ritable roman. Donc j\u2019\u00e9cris moins ici. J\u2019ai finalement d\u00e9cid\u00e9 de ne pas me mettre la pression de faire un article bien structur\u00e9 et de raconter des trucs. Ce qu\u2019il y a de principalement nouveau ces derniers &hellip; <p class=\"link-more\"><a href=\"https:\/\/bivouhack.fr\/index.php\/2024\/05\/20\/japon-6-je-fais-tourner-leconomie-japonaise\/\" class=\"more-link\">Lire la suite de<span class=\"screen-reader-text\">\u00ab\u00a0Japon #6 : Je fais tourner l&rsquo;\u00e9conomie japonaise\u00a0\u00bb<\/span><\/a><\/p><\/div><\/li>\n<li><div class=\"wp-block-latest-posts__featured-image alignleft\"><img decoding=\"async\" width=\"150\" height=\"150\" src=\"https:\/\/bivouhack.fr\/wp-content\/uploads\/2024\/03\/image-2-150x150.jpg\" class=\"attachment-thumbnail size-thumbnail wp-post-image\" alt=\"\" style=\"max-width:150px;max-height:150px;\" sizes=\"100vw\" \/><\/div><a class=\"wp-block-latest-posts__post-title\" href=\"https:\/\/bivouhack.fr\/index.php\/2024\/03\/26\/japon-bonus1-pourquoi-tous-ces-trains\/\">Japon #Bonus1 : Pourquoi tous ces trains ?<\/a><time datetime=\"2024-03-26T06:41:51+01:00\" class=\"wp-block-latest-posts__post-date\">26 mars 2024<\/time><div class=\"wp-block-latest-posts__post-excerpt\">Quand un dermatologue vous d\u00e9visage, il voit des *choses*. Moi, je fais pareil avec les villes : je les d\u00e9visage avec un oeil expert et j&rsquo;en tire des conclusions. De temps en temps, je ne vais pas raconter ma vie, mais plut\u00f4t parler de ville. En l&rsquo;occurrence, de Tokyo. En plusieurs articles, j&rsquo;ai envie de &hellip; <p class=\"link-more\"><a href=\"https:\/\/bivouhack.fr\/index.php\/2024\/03\/26\/japon-bonus1-pourquoi-tous-ces-trains\/\" class=\"more-link\">Lire la suite de<span class=\"screen-reader-text\">\u00ab\u00a0Japon #Bonus1 : Pourquoi tous ces trains ?\u00a0\u00bb<\/span><\/a><\/p><\/div><\/li>\n<li><div class=\"wp-block-latest-posts__featured-image alignleft\"><img decoding=\"async\" width=\"150\" height=\"150\" src=\"https:\/\/bivouhack.fr\/wp-content\/uploads\/2024\/03\/vieux_content-150x150.jpg\" class=\"attachment-thumbnail size-thumbnail wp-post-image\" alt=\"\" style=\"max-width:150px;max-height:150px;\" srcset=\"https:\/\/bivouhack.fr\/wp-content\/uploads\/2024\/03\/vieux_content-150x150.jpg 150w, https:\/\/bivouhack.fr\/wp-content\/uploads\/2024\/03\/vieux_content-24x24.jpg 24w, https:\/\/bivouhack.fr\/wp-content\/uploads\/2024\/03\/vieux_content-48x48.jpg 48w, https:\/\/bivouhack.fr\/wp-content\/uploads\/2024\/03\/vieux_content-96x96.jpg 96w, https:\/\/bivouhack.fr\/wp-content\/uploads\/2024\/03\/vieux_content-300x300.jpg 300w\" sizes=\"100vw\" \/><\/div><a class=\"wp-block-latest-posts__post-title\" href=\"https:\/\/bivouhack.fr\/index.php\/2024\/03\/24\/japon-5-dans-vacances-travail-y-a-vacances-et-travail\/\">Japon #5\u00a0: Dans vacances-travail y a vacances et travail<\/a><time datetime=\"2024-03-24T12:27:49+01:00\" class=\"wp-block-latest-posts__post-date\">24 mars 2024<\/time><div class=\"wp-block-latest-posts__post-excerpt\">J\u2019ai pas mal discut\u00e9 avec mon coloc Nico ces derniers temps. Il a insist\u00e9 sur une chose\u00a0: pour se faire sa place ici quand on d\u00e9barque depuis la France, il faut tchatcher. Il faut rencontrer du monde pour trouver les bonnes opportunit\u00e9s. Perso, je suis pas dans l\u2019optique de trouver l\u2019entreprise de mes r\u00eaves qui &hellip; <p class=\"link-more\"><a href=\"https:\/\/bivouhack.fr\/index.php\/2024\/03\/24\/japon-5-dans-vacances-travail-y-a-vacances-et-travail\/\" class=\"more-link\">Lire la suite de<span class=\"screen-reader-text\">\u00ab\u00a0Japon #5\u00a0: Dans vacances-travail y a vacances et travail\u00a0\u00bb<\/span><\/a><\/p><\/div><\/li>\n<li><div class=\"wp-block-latest-posts__featured-image alignleft\"><img decoding=\"async\" width=\"150\" height=\"150\" src=\"https:\/\/bivouhack.fr\/wp-content\/uploads\/2024\/03\/20240308_100131-1-150x150.jpg\" class=\"attachment-thumbnail size-thumbnail wp-post-image\" alt=\"\" style=\"max-width:150px;max-height:150px;\" srcset=\"https:\/\/bivouhack.fr\/wp-content\/uploads\/2024\/03\/20240308_100131-1-150x150.jpg 150w, https:\/\/bivouhack.fr\/wp-content\/uploads\/2024\/03\/20240308_100131-1-24x24.jpg 24w, https:\/\/bivouhack.fr\/wp-content\/uploads\/2024\/03\/20240308_100131-1-48x48.jpg 48w, https:\/\/bivouhack.fr\/wp-content\/uploads\/2024\/03\/20240308_100131-1-96x96.jpg 96w, https:\/\/bivouhack.fr\/wp-content\/uploads\/2024\/03\/20240308_100131-1-300x300.jpg 300w\" sizes=\"100vw\" \/><\/div><a class=\"wp-block-latest-posts__post-title\" href=\"https:\/\/bivouhack.fr\/index.php\/2024\/03\/09\/japon-4-fin-des-tribulations\/\">Japon #4 : Fin des tribulations<\/a><time datetime=\"2024-03-09T04:09:58+01:00\" class=\"wp-block-latest-posts__post-date\">9 mars 2024<\/time><div class=\"wp-block-latest-posts__post-excerpt\">Dans mon projet de voyage, je me laissais trois semaines de tourisme avant de me poser je ne sais o\u00f9. Je me suis vite rendu compte que je n\u2019en avais pas tant envie que \u00e7a. J\u2019ai pas sp\u00e9cialement envie de faire les magasins, et je ne veux pas commencer mon voyage en me surchargeant d\u2019affaires. &hellip; <p class=\"link-more\"><a href=\"https:\/\/bivouhack.fr\/index.php\/2024\/03\/09\/japon-4-fin-des-tribulations\/\" class=\"more-link\">Lire la suite de<span class=\"screen-reader-text\">\u00ab\u00a0Japon #4 : Fin des tribulations\u00a0\u00bb<\/span><\/a><\/p><\/div><\/li>\n<li><div class=\"wp-block-latest-posts__featured-image alignleft\"><img decoding=\"async\" width=\"150\" height=\"150\" src=\"https:\/\/bivouhack.fr\/wp-content\/uploads\/2024\/03\/20240229_182835-150x150.jpg\" class=\"attachment-thumbnail size-thumbnail wp-post-image\" alt=\"\" style=\"max-width:150px;max-height:150px;\" srcset=\"https:\/\/bivouhack.fr\/wp-content\/uploads\/2024\/03\/20240229_182835-150x150.jpg 150w, https:\/\/bivouhack.fr\/wp-content\/uploads\/2024\/03\/20240229_182835-24x24.jpg 24w, https:\/\/bivouhack.fr\/wp-content\/uploads\/2024\/03\/20240229_182835-48x48.jpg 48w, https:\/\/bivouhack.fr\/wp-content\/uploads\/2024\/03\/20240229_182835-96x96.jpg 96w, https:\/\/bivouhack.fr\/wp-content\/uploads\/2024\/03\/20240229_182835-300x300.jpg 300w\" sizes=\"100vw\" \/><\/div><a class=\"wp-block-latest-posts__post-title\" href=\"https:\/\/bivouhack.fr\/index.php\/2024\/03\/03\/japon-3-asakusa-vs-shinjuku\/\">Japon #3 : Asakusa vs Shinjuku<\/a><time datetime=\"2024-03-03T08:17:40+01:00\" class=\"wp-block-latest-posts__post-date\">3 mars 2024<\/time><div class=\"wp-block-latest-posts__post-excerpt\">La premi\u00e8re auberge de jeunesse que j\u2019ai r\u00e9serv\u00e9e, c\u2019est celle o\u00f9 j\u2019ai dormi pour la premi\u00e8re fois au Japon en 2017. Je m\u2019imaginais le moment \u00e9motion o\u00f9 j\u2019allais parler en japonais au tenancier de l\u2019h\u00f4tel \u00ab&nbsp;Je suis d\u00e9j\u00e0 venu il y a 8 ans. \u00bb Je suis arriv\u00e9, il m\u2019a dit \u00ab&nbsp;check-in&nbsp;?&nbsp;\u00bb j\u2019ai dit oui. &hellip; <p class=\"link-more\"><a href=\"https:\/\/bivouhack.fr\/index.php\/2024\/03\/03\/japon-3-asakusa-vs-shinjuku\/\" class=\"more-link\">Lire la suite de<span class=\"screen-reader-text\">\u00ab\u00a0Japon #3 : Asakusa vs Shinjuku\u00a0\u00bb<\/span><\/a><\/p><\/div><\/li>\n<li><div class=\"wp-block-latest-posts__featured-image alignleft\"><img decoding=\"async\" width=\"150\" height=\"150\" src=\"https:\/\/bivouhack.fr\/wp-content\/uploads\/2024\/02\/20240226_032448-150x150.jpg\" class=\"attachment-thumbnail size-thumbnail wp-post-image\" alt=\"\" style=\"max-width:150px;max-height:150px;\" srcset=\"https:\/\/bivouhack.fr\/wp-content\/uploads\/2024\/02\/20240226_032448-150x150.jpg 150w, https:\/\/bivouhack.fr\/wp-content\/uploads\/2024\/02\/20240226_032448-24x24.jpg 24w, https:\/\/bivouhack.fr\/wp-content\/uploads\/2024\/02\/20240226_032448-48x48.jpg 48w, https:\/\/bivouhack.fr\/wp-content\/uploads\/2024\/02\/20240226_032448-96x96.jpg 96w, https:\/\/bivouhack.fr\/wp-content\/uploads\/2024\/02\/20240226_032448-300x300.jpg 300w\" sizes=\"100vw\" \/><\/div><a class=\"wp-block-latest-posts__post-title\" href=\"https:\/\/bivouhack.fr\/index.php\/2024\/02\/28\/japon-2-cest-le-jour-1-celui-quon-retient\/\">Japon #2 : C&rsquo;est le jour 1, celui qu&rsquo;on retient<\/a><time datetime=\"2024-02-28T11:56:55+01:00\" class=\"wp-block-latest-posts__post-date\">28 f\u00e9vrier 2024<\/time><div class=\"wp-block-latest-posts__post-excerpt\">J\u2019ai la chance de conna\u00eetre un pilote d\u2019AirFrance qui a eu la gentillesse de me prendre en accompagnant sur un vol pour Tokyo. Dans ces cas-l\u00e0, il y a une proc\u00e9dure un peu sp\u00e9ciale \u00e0 suivre. On apprend au tout dernier moment s\u2019il reste des places assises pour les accompagnants. Sinon, on fait le voyage &hellip; <p class=\"link-more\"><a href=\"https:\/\/bivouhack.fr\/index.php\/2024\/02\/28\/japon-2-cest-le-jour-1-celui-quon-retient\/\" class=\"more-link\">Lire la suite de<span class=\"screen-reader-text\">\u00ab\u00a0Japon #2 : C&rsquo;est le jour 1, celui qu&rsquo;on retient\u00a0\u00bb<\/span><\/a><\/p><\/div><\/li>\n<li><div class=\"wp-block-latest-posts__featured-image alignleft\"><img decoding=\"async\" width=\"150\" height=\"150\" src=\"https:\/\/bivouhack.fr\/wp-content\/uploads\/2024\/02\/IMG_7398-150x150.jpg\" class=\"attachment-thumbnail size-thumbnail wp-post-image\" alt=\"\" style=\"max-width:150px;max-height:150px;\" srcset=\"https:\/\/bivouhack.fr\/wp-content\/uploads\/2024\/02\/IMG_7398-150x150.jpg 150w, https:\/\/bivouhack.fr\/wp-content\/uploads\/2024\/02\/IMG_7398-24x24.jpg 24w, https:\/\/bivouhack.fr\/wp-content\/uploads\/2024\/02\/IMG_7398-48x48.jpg 48w, https:\/\/bivouhack.fr\/wp-content\/uploads\/2024\/02\/IMG_7398-96x96.jpg 96w, https:\/\/bivouhack.fr\/wp-content\/uploads\/2024\/02\/IMG_7398-300x300.jpg 300w\" sizes=\"100vw\" \/><\/div><a class=\"wp-block-latest-posts__post-title\" href=\"https:\/\/bivouhack.fr\/index.php\/2024\/02\/26\/japon-1-enfin\/\">Japon #1 : Oh yes, here we go again<\/a><time datetime=\"2024-02-26T20:37:51+01:00\" class=\"wp-block-latest-posts__post-date\">26 f\u00e9vrier 2024<\/time><div class=\"wp-block-latest-posts__post-excerpt\">Jusqu\u2019en 2015, je n\u2019avais jamais mis les pieds \u00e0 l\u2019\u00e9tranger. Je partais en vacances en France uniquement, surtout en Bretagne et en Normandie. Une ou deux fois dans les Alpes. Et puis ma m\u00e8re a d\u00e9croch\u00e9 un job dans une certaine banque d\u2019origine lyonnaise, et j\u2019ai d\u00e9couvert les joies des Comit\u00e9s d\u2019Entreprise. A moi (et &hellip; <p class=\"link-more\"><a href=\"https:\/\/bivouhack.fr\/index.php\/2024\/02\/26\/japon-1-enfin\/\" class=\"more-link\">Lire la suite de<span class=\"screen-reader-text\">\u00ab\u00a0Japon #1 : Oh yes, here we go again\u00a0\u00bb<\/span><\/a><\/p><\/div><\/li>\n<\/ul>","protected":false},"excerpt":{"rendered":"<p>Entre tradition et modernit\u00e9, suivez en live une ann\u00e9e palpitante d&rsquo;aventure avec Damdam le Cancrelat. \u00c9crivain, dramaturge, urbaniste et toujours couch\u00e9 avant 22h, cet \u00eatre de sciences et de lumi\u00e8re vous fera d\u00e9couvrir les moindres recoins du pays du soleil levant. D\u00d4MO\u00a0ARIGAT\u00d4\u00a0GOZAIMASU DAMDAM SENSE\u00cf ! Les derniers articles<\/p>\n","protected":false},"author":1,"featured_media":0,"parent":0,"menu_order":0,"comment_status":"closed","ping_status":"closed","template":"","meta":{"inspiro_hide_title":false,"footnotes":""},"class_list":["post-10446","page","type-page","status-publish","hentry"],"aioseo_notices":[],"_links":{"self":[{"href":"https:\/\/bivouhack.fr\/index.php\/wp-json\/wp\/v2\/pages\/10446","targetHints":{"allow":["GET"]}}],"collection":[{"href":"https:\/\/bivouhack.fr\/index.php\/wp-json\/wp\/v2\/pages"}],"about":[{"href":"https:\/\/bivouhack.fr\/index.php\/wp-json\/wp\/v2\/types\/page"}],"author":[{"embeddable":true,"href":"https:\/\/bivouhack.fr\/index.php\/wp-json\/wp\/v2\/users\/1"}],"replies":[{"embeddable":true,"href":"https:\/\/bivouhack.fr\/index.php\/wp-json\/wp\/v2\/comments?post=10446"}],"version-history":[{"count":8,"href":"https:\/\/bivouhack.fr\/index.php\/wp-json\/wp\/v2\/pages\/10446\/revisions"}],"predecessor-version":[{"id":10456,"href":"https:\/\/bivouhack.fr\/index.php\/wp-json\/wp\/v2\/pages\/10446\/revisions\/10456"}],"wp:attachment":[{"href":"https:\/\/bivouhack.fr\/index.php\/wp-json\/wp\/v2\/media?parent=10446"}],"curies":[{"name":"wp","href":"https:\/\/api.w.org\/{rel}","templated":true}]}}