{"id":11849,"date":"2024-11-19T15:40:36","date_gmt":"2024-11-19T14:40:36","guid":{"rendered":"https:\/\/bivouhack.fr\/?page_id=11849"},"modified":"2024-12-19T01:04:17","modified_gmt":"2024-12-19T00:04:17","slug":"inde-2","status":"publish","type":"page","link":"https:\/\/bivouhack.fr\/index.php\/inde-2\/","title":{"rendered":"Inde"},"content":{"rendered":"\n<div class=\"wp-block-columns is-layout-flex wp-container-core-columns-is-layout-28f84493 wp-block-columns-is-layout-flex\">\n<div class=\"wp-block-column is-layout-flow wp-block-column-is-layout-flow\" style=\"flex-basis:55%\">\n<p class=\"has-large-font-size\"><strong>La grande aventure monastique de l&rsquo;Asticot fantastique !<\/strong><\/p>\n\n\n\n<p>En 2022, le Bivouhack allait en Bolivie. Bolivie, Bollywood, fallait-il y voir un signe ? Nul ne le sait, mais toujours est-il qu&rsquo;aujourd&rsquo;hui, en 2024, il est reparti.<br>Un d\u00e9part sur un petit coup de t\u00eate. Un long voyage, de minimes pr\u00e9parations. Voyons s&rsquo;il en reviendra avec un grand coup de coeur.<\/p>\n<\/div>\n\n\n\n<div class=\"wp-block-column is-layout-flow wp-block-column-is-layout-flow\" style=\"flex-basis:45%\">\n<figure class=\"wp-block-image aligncenter size-full\"><a href=\"https:\/\/bivouhack.fr\/wp-content\/uploads\/2024\/12\/Screenshot-2024-12-19-030143.png\"><img decoding=\"async\" width=\"771\" height=\"363\" src=\"https:\/\/bivouhack.fr\/wp-content\/uploads\/2024\/12\/Screenshot-2024-12-19-030143.png\" alt=\"\" class=\"wp-image-11924\" srcset=\"https:\/\/bivouhack.fr\/wp-content\/uploads\/2024\/12\/Screenshot-2024-12-19-030143.png 771w, https:\/\/bivouhack.fr\/wp-content\/uploads\/2024\/12\/Screenshot-2024-12-19-030143-300x141.png 300w\" sizes=\"(max-width: 771px) 100vw, 771px\" \/><\/a><\/figure>\n<\/div>\n<\/div>\n\n\n\n<hr class=\"wp-block-separator has-alpha-channel-opacity\"\/>\n\n\n\n<p class=\"has-medium-font-size\"><strong>Ci-dessous d\u00e9voil\u00e9es, les chroniques d&rsquo;une qu\u00eate sprituelle hors du temps :<\/strong><\/p>\n\n\n<ul class=\"wp-block-latest-posts__list has-dates wp-block-latest-posts\"><li><div class=\"wp-block-latest-posts__featured-image\"><img decoding=\"async\" width=\"150\" height=\"150\" src=\"https:\/\/bivouhack.fr\/wp-content\/uploads\/2024\/11\/10000056212634347060132241179-150x150.jpg\" class=\"attachment-thumbnail size-thumbnail wp-post-image\" alt=\"\" style=\"\" sizes=\"100vw\" \/><\/div><a class=\"wp-block-latest-posts__post-title\" href=\"https:\/\/bivouhack.fr\/index.php\/2024\/11\/25\/inde-6-kerala-terre-promise\/\">Inde #6 Kerala, terre promise<\/a><time datetime=\"2024-11-25T13:39:52+01:00\" class=\"wp-block-latest-posts__post-date\">25 novembre 2024<\/time><div class=\"wp-block-latest-posts__post-excerpt\">5h du mat j&rsquo;arrive \u00e0 Ottapalam dans le Kerala. Il y a une flore de jungle partout, j&rsquo;adore. Comme \u00e0 mon habitude je pr\u00e9f\u00e8re plut\u00f4t marcher que prendre les rikshaws. J&rsquo;arrive \u00e0 l&rsquo;h\u00f4pital Ayurvedic vers 6h, &hellip; <p class=\"link-more\"><a href=\"https:\/\/bivouhack.fr\/index.php\/2024\/11\/25\/inde-6-kerala-terre-promise\/\" class=\"more-link\">Lire la suite de<span class=\"screen-reader-text\">\u00ab\u00a0Inde #6 Kerala, terre promise\u00a0\u00bb<\/span><\/a><\/p><\/div><\/li>\n<li><div class=\"wp-block-latest-posts__featured-image\"><img decoding=\"async\" width=\"150\" height=\"150\" src=\"https:\/\/bivouhack.fr\/wp-content\/uploads\/2024\/11\/10000054013254711151206055406-150x150.jpg\" class=\"attachment-thumbnail size-thumbnail wp-post-image\" alt=\"\" style=\"\" sizes=\"100vw\" \/><\/div><a class=\"wp-block-latest-posts__post-title\" href=\"https:\/\/bivouhack.fr\/index.php\/2024\/11\/22\/inde-5-chennai\/\">Inde #5 Chennai, on dirait le sud<\/a><time datetime=\"2024-11-22T01:38:51+01:00\" class=\"wp-block-latest-posts__post-date\">22 novembre 2024<\/time><div class=\"wp-block-latest-posts__post-excerpt\">Je sens un truc bizarre, je me r\u00e9veille dans un wagon, dans un hamac avec un indien qui tire dessus. Il est 5h du mat on est arriv\u00e9 \u00e0 Chennai. Heureusement que je descends au terminus. &hellip; <p class=\"link-more\"><a href=\"https:\/\/bivouhack.fr\/index.php\/2024\/11\/22\/inde-5-chennai\/\" class=\"more-link\">Lire la suite de<span class=\"screen-reader-text\">\u00ab\u00a0Inde #5 Chennai, on dirait le sud\u00a0\u00bb<\/span><\/a><\/p><\/div><\/li>\n<li><div class=\"wp-block-latest-posts__featured-image\"><img decoding=\"async\" width=\"150\" height=\"150\" src=\"https:\/\/bivouhack.fr\/wp-content\/uploads\/2024\/11\/10000052918165263051729836412-150x150.jpg\" class=\"attachment-thumbnail size-thumbnail wp-post-image\" alt=\"\" style=\"\" sizes=\"100vw\" \/><\/div><a class=\"wp-block-latest-posts__post-title\" href=\"https:\/\/bivouhack.fr\/index.php\/2024\/11\/19\/inde-4-depart-vers-de-nouvelles-aventures\/\">Inde #4 d\u00e9part vers de nouvelles aventures !<\/a><time datetime=\"2024-11-19T14:49:15+01:00\" class=\"wp-block-latest-posts__post-date\">19 novembre 2024<\/time><div class=\"wp-block-latest-posts__post-excerpt\">18\/11\/2024 Lev\u00e9 5h, je repars avec mon sac \u00e0 dos. L&rsquo;excitation de l&rsquo;aventure arrive. 2h de marche pour rejoindre la gare et ensuite rejoindre Calcuta. J&rsquo;ai du temps, je pr\u00e9f\u00e8re marcher que prendre un tuktuk. Dans &hellip; <p class=\"link-more\"><a href=\"https:\/\/bivouhack.fr\/index.php\/2024\/11\/19\/inde-4-depart-vers-de-nouvelles-aventures\/\" class=\"more-link\">Lire la suite de<span class=\"screen-reader-text\">\u00ab\u00a0Inde #4 d\u00e9part vers de nouvelles aventures !\u00a0\u00bb<\/span><\/a><\/p><\/div><\/li>\n<li><div class=\"wp-block-latest-posts__featured-image\"><img decoding=\"async\" width=\"150\" height=\"150\" src=\"https:\/\/bivouhack.fr\/wp-content\/uploads\/2024\/11\/1000004847426542460910087619-150x150.jpg\" class=\"attachment-thumbnail size-thumbnail wp-post-image\" alt=\"\" style=\"\" sizes=\"100vw\" \/><\/div><a class=\"wp-block-latest-posts__post-title\" href=\"https:\/\/bivouhack.fr\/index.php\/2024\/11\/19\/inde-3-mayapur\/\">Inde #3 B\u00e9ni \u00e0 Mayapur<\/a><time datetime=\"2024-11-19T11:05:32+01:00\" class=\"wp-block-latest-posts__post-date\">19 novembre 2024<\/time><div class=\"wp-block-latest-posts__post-excerpt\">Marque en commentaire combien de fautes d&rsquo;orthographes (laiss\u00e9es par int\u00e9r\u00eat ludique). Pour cet article, la chronologie explose. Eh oui, le temps est relatif. Eh oui, j&rsquo;ai pas tenu les articles. Du coup je vais raconter mes &hellip; <p class=\"link-more\"><a href=\"https:\/\/bivouhack.fr\/index.php\/2024\/11\/19\/inde-3-mayapur\/\" class=\"more-link\">Lire la suite de<span class=\"screen-reader-text\">\u00ab\u00a0Inde #3 B\u00e9ni \u00e0 Mayapur\u00a0\u00bb<\/span><\/a><\/p><\/div><\/li>\n<li><div class=\"wp-block-latest-posts__featured-image\"><img decoding=\"async\" width=\"150\" height=\"150\" src=\"https:\/\/bivouhack.fr\/wp-content\/uploads\/2024\/11\/10000050167824330335442232586-150x150.jpg\" class=\"attachment-thumbnail size-thumbnail wp-post-image\" alt=\"\" style=\"\" sizes=\"100vw\" \/><\/div><a class=\"wp-block-latest-posts__post-title\" href=\"https:\/\/bivouhack.fr\/index.php\/2024\/11\/18\/inde-2-arrive-a-bon-port\/\">Inde #2 arriv\u00e9 \u00e0 bon port<\/a><time datetime=\"2024-11-18T07:58:15+01:00\" class=\"wp-block-latest-posts__post-date\">18 novembre 2024<\/time><div class=\"wp-block-latest-posts__post-excerpt\">Deuxi\u00e8me jour 5h30, lev\u00e9 du jour, debout. Je me met en marche en direction du bus. Une bonne journ\u00e9e commence. Dans la rue y a des gens qui dorment un peu partout, sur un tissu, dans &hellip; <p class=\"link-more\"><a href=\"https:\/\/bivouhack.fr\/index.php\/2024\/11\/18\/inde-2-arrive-a-bon-port\/\" class=\"more-link\">Lire la suite de<span class=\"screen-reader-text\">\u00ab\u00a0Inde #2 arriv\u00e9 \u00e0 bon port\u00a0\u00bb<\/span><\/a><\/p><\/div><\/li>\n<li><div class=\"wp-block-latest-posts__featured-image\"><img decoding=\"async\" width=\"150\" height=\"150\" src=\"https:\/\/bivouhack.fr\/wp-content\/uploads\/2024\/11\/1000004290-150x150.jpg\" class=\"attachment-thumbnail size-thumbnail wp-post-image\" alt=\"\" style=\"\" sizes=\"100vw\" \/><\/div><a class=\"wp-block-latest-posts__post-title\" href=\"https:\/\/bivouhack.fr\/index.php\/2024\/11\/11\/inde-1-premier-jour\/\">Inde #1 Bapt\u00eame de l&rsquo;Inde<\/a><time datetime=\"2024-11-11T12:09:50+01:00\" class=\"wp-block-latest-posts__post-date\">11 novembre 2024<\/time><div class=\"wp-block-latest-posts__post-excerpt\">En g\u00e9n\u00e9ral quand je voyage, j&rsquo;y vais \u00e0 l&rsquo;arrache. Je tiens \u00e7a de ma m\u00e8re. J&rsquo;ai tellement r\u00e2l\u00e9 pour au final \u00eatre comme elle. Du coup, j&rsquo;ai pris mon billet dix jours avant et je me &hellip; <p class=\"link-more\"><a href=\"https:\/\/bivouhack.fr\/index.php\/2024\/11\/11\/inde-1-premier-jour\/\" class=\"more-link\">Lire la suite de<span class=\"screen-reader-text\">\u00ab\u00a0Inde #1 Bapt\u00eame de l&rsquo;Inde\u00a0\u00bb<\/span><\/a><\/p><\/div><\/li>\n<li><div class=\"wp-block-latest-posts__featured-image\"><img decoding=\"async\" width=\"150\" height=\"150\" src=\"https:\/\/bivouhack.fr\/wp-content\/uploads\/2024\/11\/new_mayapur_-_038970637374656225061-150x150.jpg\" class=\"attachment-thumbnail size-thumbnail wp-post-image\" alt=\"\" style=\"\" sizes=\"100vw\" \/><\/div><a class=\"wp-block-latest-posts__post-title\" href=\"https:\/\/bivouhack.fr\/index.php\/2024\/11\/10\/inde-0-la-mise-en-bouche\/\">Inde #0 la mise en bouche<\/a><time datetime=\"2024-11-10T01:14:05+01:00\" class=\"wp-block-latest-posts__post-date\">10 novembre 2024<\/time><div class=\"wp-block-latest-posts__post-excerpt\">Apr\u00e8s un harc\u00e8lement intense et beaucoup trop d&rsquo;aventures pass\u00e9es sous silence, j&rsquo;\u00e9cris enfin un article ! Wouhou WOUHOU !&nbsp; CALMEZ VOUS !&nbsp; Alors l&rsquo;Inde : Pour pr\u00e9parer mon voyage je suis devenu apprenti moine dans un &hellip; <p class=\"link-more\"><a href=\"https:\/\/bivouhack.fr\/index.php\/2024\/11\/10\/inde-0-la-mise-en-bouche\/\" class=\"more-link\">Lire la suite de<span class=\"screen-reader-text\">\u00ab\u00a0Inde #0 la mise en bouche\u00a0\u00bb<\/span><\/a><\/p><\/div><\/li>\n<\/ul>\n\n<div id=\"travelersmap-container-69f192ce931ac\" class=\"travelersmap-container\" style=\"z-index: 1; min-height: 10px; min-width:10px; height:600px;width:100%; max-width:; max-height:; position:relative;\"><div style=\"position:absolute; z-index:-1;top: 50%;text-align: center;display: block;left: 50%;transform: translate(-50%,-50%);\">Travelers' Map is loading...<br>If you see this after your page is loaded completely, leafletJS files are missing.<\/div><\/div>\n","protected":false},"excerpt":{"rendered":"<p>La grande aventure monastique de l&rsquo;Asticot fantastique ! En 2022, le Bivouhack allait en Bolivie. Bolivie, Bollywood, fallait-il y voir un signe ? Nul ne le sait, mais toujours est-il qu&rsquo;aujourd&rsquo;hui, en 2024, il est reparti.Un d\u00e9part sur un petit coup de t\u00eate. Un long voyage, de minimes pr\u00e9parations. Voyons s&rsquo;il en reviendra avec un &hellip; <\/p>\n<p class=\"link-more\"><a href=\"https:\/\/bivouhack.fr\/index.php\/2024\/11\/10\/inde-0-la-mise-en-bouche\/\" class=\"more-link\">Lire la suite de<span class=\"screen-reader-text\">\u00ab\u00a0Inde #0 la mise en bouche\u00a0\u00bb<\/span><\/a><\/p>\n","protected":false},"author":4,"featured_media":0,"parent":0,"menu_order":0,"comment_status":"closed","ping_status":"closed","template":"","meta":{"inspiro_hide_title":false,"footnotes":""},"class_list":["post-11849","page","type-page","status-publish","hentry"],"aioseo_notices":[],"_links":{"self":[{"href":"https:\/\/bivouhack.fr\/index.php\/wp-json\/wp\/v2\/pages\/11849","targetHints":{"allow":["GET"]}}],"collection":[{"href":"https:\/\/bivouhack.fr\/index.php\/wp-json\/wp\/v2\/pages"}],"about":[{"href":"https:\/\/bivouhack.fr\/index.php\/wp-json\/wp\/v2\/types\/page"}],"author":[{"embeddable":true,"href":"https:\/\/bivouhack.fr\/index.php\/wp-json\/wp\/v2\/users\/4"}],"replies":[{"embeddable":true,"href":"https:\/\/bivouhack.fr\/index.php\/wp-json\/wp\/v2\/comments?post=11849"}],"version-history":[{"count":12,"href":"https:\/\/bivouhack.fr\/index.php\/wp-json\/wp\/v2\/pages\/11849\/revisions"}],"predecessor-version":[{"id":11925,"href":"https:\/\/bivouhack.fr\/index.php\/wp-json\/wp\/v2\/pages\/11849\/revisions\/11925"}],"wp:attachment":[{"href":"https:\/\/bivouhack.fr\/index.php\/wp-json\/wp\/v2\/media?parent=11849"}],"curies":[{"name":"wp","href":"https:\/\/api.w.org\/{rel}","templated":true}]}}