{"id":12,"date":"2021-08-08T09:19:55","date_gmt":"2021-08-08T07:19:55","guid":{"rendered":"http:\/\/bivouhack.fr\/?page_id=12"},"modified":"2023-07-25T23:31:21","modified_gmt":"2023-07-25T21:31:21","slug":"contact","status":"publish","type":"page","link":"https:\/\/bivouhack.fr\/index.php\/contact\/","title":{"rendered":"Contact"},"content":{"rendered":"\n<p class=\"has-text-align-center\">On ne contacte pas le Bivouhack, c&rsquo;est le Bivouhack qui vous contactera quand vous serez pr\u00eats.<\/p>\n\n\n\n<figure class=\"wp-block-image aligncenter size-medium\"><img decoding=\"async\" width=\"300\" height=\"300\" src=\"https:\/\/bivouhack.fr\/wp-content\/uploads\/2021\/08\/bivouhack_desaxe-300x300.png\" alt=\"logo_bivouhack\" class=\"wp-image-15\" srcset=\"https:\/\/bivouhack.fr\/wp-content\/uploads\/2021\/08\/bivouhack_desaxe-300x300.png 300w, https:\/\/bivouhack.fr\/wp-content\/uploads\/2021\/08\/bivouhack_desaxe-1024x1024.png 1024w, https:\/\/bivouhack.fr\/wp-content\/uploads\/2021\/08\/bivouhack_desaxe-150x150.png 150w, https:\/\/bivouhack.fr\/wp-content\/uploads\/2021\/08\/bivouhack_desaxe-768x768.png 768w, https:\/\/bivouhack.fr\/wp-content\/uploads\/2021\/08\/bivouhack_desaxe-1536x1536.png 1536w, https:\/\/bivouhack.fr\/wp-content\/uploads\/2021\/08\/bivouhack_desaxe-2048x2048.png 2048w, https:\/\/bivouhack.fr\/wp-content\/uploads\/2021\/08\/bivouhack_desaxe-1568x1568.png 1568w\" sizes=\"(max-width: 300px) 100vw, 300px\" \/><\/figure>\n\n\n\n<p class=\"has-text-align-center\">Si vous \u00eates m\u00e9contents, vous pouvez envoyer vos dol\u00e9ances \u00e0<em> spam@bivouhack.fr<\/em><\/p>\n","protected":false},"excerpt":{"rendered":"<p>On ne contacte pas le Bivouhack, c&rsquo;est le Bivouhack qui vous contactera quand vous serez pr\u00eats. Si vous \u00eates m\u00e9contents, vous pouvez envoyer vos dol\u00e9ances \u00e0 spam@bivouhack.fr<\/p>\n","protected":false},"author":1,"featured_media":0,"parent":0,"menu_order":0,"comment_status":"closed","ping_status":"closed","template":"","meta":{"inspiro_hide_title":false,"footnotes":""},"class_list":["post-12","page","type-page","status-publish","hentry"],"aioseo_notices":[],"_links":{"self":[{"href":"https:\/\/bivouhack.fr\/index.php\/wp-json\/wp\/v2\/pages\/12","targetHints":{"allow":["GET"]}}],"collection":[{"href":"https:\/\/bivouhack.fr\/index.php\/wp-json\/wp\/v2\/pages"}],"about":[{"href":"https:\/\/bivouhack.fr\/index.php\/wp-json\/wp\/v2\/types\/page"}],"author":[{"embeddable":true,"href":"https:\/\/bivouhack.fr\/index.php\/wp-json\/wp\/v2\/users\/1"}],"replies":[{"embeddable":true,"href":"https:\/\/bivouhack.fr\/index.php\/wp-json\/wp\/v2\/comments?post=12"}],"version-history":[{"count":9,"href":"https:\/\/bivouhack.fr\/index.php\/wp-json\/wp\/v2\/pages\/12\/revisions"}],"predecessor-version":[{"id":9496,"href":"https:\/\/bivouhack.fr\/index.php\/wp-json\/wp\/v2\/pages\/12\/revisions\/9496"}],"wp:attachment":[{"href":"https:\/\/bivouhack.fr\/index.php\/wp-json\/wp\/v2\/media?parent=12"}],"curies":[{"name":"wp","href":"https:\/\/api.w.org\/{rel}","templated":true}]}}