{"id":13008,"date":"2025-06-04T10:55:29","date_gmt":"2025-06-04T08:55:29","guid":{"rendered":"https:\/\/bivouhack.fr\/?page_id=13008"},"modified":"2025-06-04T11:08:31","modified_gmt":"2025-06-04T09:08:31","slug":"compas-vers-lest","status":"publish","type":"page","link":"https:\/\/bivouhack.fr\/index.php\/compas-vers-lest\/","title":{"rendered":"Compas vers l&rsquo;Est"},"content":{"rendered":"\n<figure class=\"wp-block-image aligncenter size-large\"><a href=\"https:\/\/bivouhack.fr\/wp-content\/uploads\/2025\/06\/image.jpg\"><img decoding=\"async\" width=\"1024\" height=\"576\" src=\"https:\/\/bivouhack.fr\/wp-content\/uploads\/2025\/06\/image-1024x576.jpg\" alt=\"\" class=\"wp-image-13009\" srcset=\"https:\/\/bivouhack.fr\/wp-content\/uploads\/2025\/06\/image-1024x576.jpg 1024w, https:\/\/bivouhack.fr\/wp-content\/uploads\/2025\/06\/image-300x169.jpg 300w, https:\/\/bivouhack.fr\/wp-content\/uploads\/2025\/06\/image.jpg 1424w\" sizes=\"(max-width: 1024px) 100vw, 1024px\" \/><\/a><\/figure>\n\n\n\n<p>Marty en avait marre de Babylone. Alors il a achet\u00e9 une moto, a coll\u00e9 un stickers BivouHack dessus et il est parti vers l&rsquo;Est. Derri\u00e8re son beau sourire de gendre id\u00e9al, Marty se d\u00e9tache de sa vieille France et s&rsquo;\u00e9chappe \u00e0 fond la caisse sur les routes d\u00e9fonc\u00e9es d&rsquo;Asie centrale. Embarqu\u00e9 dans un grand voyage qui va durer au moins un an, vous pouvez suivre ses aventures sur son polarstep: <strong><a href=\"https:\/\/www.polarsteps.com\/MartyEnVadrouille\/16444175-compas-vers-l-est\">https:\/\/www.polarsteps.com\/MartyEnVadrouille\/16444175-compas-vers-l-est<\/a><\/strong><\/p>\n\n\n\n<iframe loading=\"lazy\" width=\"640\" height=\"480\" src=\"https:\/\/www.polarsteps.com\/MartyEnVadrouille\/16444175-compas-vers-l-est\/embed\"><\/iframe>\n\n\n\n<p><\/p>\n","protected":false},"excerpt":{"rendered":"<p>Marty en avait marre de Babylone. Alors il a achet\u00e9 une moto, a coll\u00e9 un stickers BivouHack dessus et il est parti vers l&rsquo;Est. Derri\u00e8re son beau sourire de gendre id\u00e9al, Marty se d\u00e9tache de sa vieille France et s&rsquo;\u00e9chappe \u00e0 fond la caisse sur les routes d\u00e9fonc\u00e9es d&rsquo;Asie centrale. Embarqu\u00e9 dans un grand voyage &hellip; <\/p>\n<p class=\"link-more\"><a href=\"https:\/\/bivouhack.fr\/index.php\/compas-vers-lest\/\" class=\"more-link\">Lire la suite de<span class=\"screen-reader-text\">\u00ab\u00a0Compas vers l&rsquo;Est\u00a0\u00bb<\/span><\/a><\/p>\n","protected":false},"author":1,"featured_media":0,"parent":0,"menu_order":0,"comment_status":"closed","ping_status":"closed","template":"","meta":{"inspiro_hide_title":false,"footnotes":""},"class_list":["post-13008","page","type-page","status-publish","hentry"],"aioseo_notices":[],"_links":{"self":[{"href":"https:\/\/bivouhack.fr\/index.php\/wp-json\/wp\/v2\/pages\/13008","targetHints":{"allow":["GET"]}}],"collection":[{"href":"https:\/\/bivouhack.fr\/index.php\/wp-json\/wp\/v2\/pages"}],"about":[{"href":"https:\/\/bivouhack.fr\/index.php\/wp-json\/wp\/v2\/types\/page"}],"author":[{"embeddable":true,"href":"https:\/\/bivouhack.fr\/index.php\/wp-json\/wp\/v2\/users\/1"}],"replies":[{"embeddable":true,"href":"https:\/\/bivouhack.fr\/index.php\/wp-json\/wp\/v2\/comments?post=13008"}],"version-history":[{"count":3,"href":"https:\/\/bivouhack.fr\/index.php\/wp-json\/wp\/v2\/pages\/13008\/revisions"}],"predecessor-version":[{"id":13015,"href":"https:\/\/bivouhack.fr\/index.php\/wp-json\/wp\/v2\/pages\/13008\/revisions\/13015"}],"wp:attachment":[{"href":"https:\/\/bivouhack.fr\/index.php\/wp-json\/wp\/v2\/media?parent=13008"}],"curies":[{"name":"wp","href":"https:\/\/api.w.org\/{rel}","templated":true}]}}