{"id":13329,"date":"2025-10-23T08:59:09","date_gmt":"2025-10-23T06:59:09","guid":{"rendered":"https:\/\/bivouhack.fr\/?page_id=13329"},"modified":"2025-10-23T09:01:25","modified_gmt":"2025-10-23T07:01:25","slug":"bahnreise-en-vadrouille-en-train-direction-berlin","status":"publish","type":"page","link":"https:\/\/bivouhack.fr\/index.php\/bahnreise-en-vadrouille-en-train-direction-berlin\/","title":{"rendered":"Bahnreise : vadrouille en train direction Berlin"},"content":{"rendered":"\n<p>Le r\u00e9cit des aventures en sac \u00e0 dos du moineau en juillet 2025. <\/p>\n\n\n\n<h2 class=\"wp-block-heading\">La carte du p\u00e9riple<\/h2>\n\n\n<div id=\"travelersmap-container-69f11047f2ca0\" class=\"travelersmap-container\" style=\"z-index: 1; min-height: 10px; min-width:10px; height:600px;width:100%; max-width:; max-height:; position:relative;\"><div style=\"position:absolute; z-index:-1;top: 50%;text-align: center;display: block;left: 50%;transform: translate(-50%,-50%);\">Travelers' Map is loading...<br>If you see this after your page is loaded completely, leafletJS files are missing.<\/div><\/div>\n\n\n\n<h2 class=\"wp-block-heading\">Carnet de voyage<\/h2>\n\n\n<ul class=\"wp-block-latest-posts__list wp-block-latest-posts\"><li><div class=\"wp-block-latest-posts__featured-image alignright\"><a href=\"https:\/\/bivouhack.fr\/index.php\/2025\/08\/04\/bahnreise-1-depart-en-voyage\/\" aria-label=\"Prot\u00e9g\u00e9\u00a0: Bahnreise #1 : D\u00e9part en voyage\"><img decoding=\"async\" width=\"150\" height=\"150\" src=\"https:\/\/bivouhack.fr\/wp-content\/uploads\/2025\/08\/pxl_20250711_0830274475219509092072770912-150x150.jpg\" class=\"attachment-thumbnail size-thumbnail wp-post-image\" alt=\"\" style=\"\" sizes=\"100vw\" \/><\/a><\/div><a class=\"wp-block-latest-posts__post-title\" href=\"https:\/\/bivouhack.fr\/index.php\/2025\/08\/04\/bahnreise-1-depart-en-voyage\/\">Prot\u00e9g\u00e9\u00a0: Bahnreise #1 : D\u00e9part en voyage<\/a><div class=\"wp-block-latest-posts__post-excerpt\">Ce contenu est prot\u00e9g\u00e9 par un mot de passe.<\/div><\/li>\n<li><div class=\"wp-block-latest-posts__featured-image alignright\"><a href=\"https:\/\/bivouhack.fr\/index.php\/2025\/08\/06\/bahnreise-2-escale-chez-les-ancetres\/\" aria-label=\"Prot\u00e9g\u00e9\u00a0: Bahnreise #2 : Le moineau d\u00e9barque chez les anc\u00eatres\"><img decoding=\"async\" width=\"150\" height=\"150\" src=\"https:\/\/bivouhack.fr\/wp-content\/uploads\/2025\/08\/pxl_20250712_095912252112177507009378586-150x150.jpg\" class=\"attachment-thumbnail size-thumbnail wp-post-image\" alt=\"\" style=\"\" sizes=\"100vw\" \/><\/a><\/div><a class=\"wp-block-latest-posts__post-title\" href=\"https:\/\/bivouhack.fr\/index.php\/2025\/08\/06\/bahnreise-2-escale-chez-les-ancetres\/\">Prot\u00e9g\u00e9\u00a0: Bahnreise #2 : Le moineau d\u00e9barque chez les anc\u00eatres<\/a><div class=\"wp-block-latest-posts__post-excerpt\">Ce contenu est prot\u00e9g\u00e9 par un mot de passe.<\/div><\/li>\n<li><div class=\"wp-block-latest-posts__featured-image alignright\"><a href=\"https:\/\/bivouhack.fr\/index.php\/2025\/08\/07\/bahnreise-3-urbex-et-fete-populaire\/\" aria-label=\"Prot\u00e9g\u00e9\u00a0: Bahnreise #3 : Urbex et f\u00eate populaire\"><img decoding=\"async\" width=\"150\" height=\"150\" src=\"https:\/\/bivouhack.fr\/wp-content\/uploads\/2025\/08\/pxl_20250712_2124468698069046043145756270-150x150.jpg\" class=\"attachment-thumbnail size-thumbnail wp-post-image\" alt=\"\" style=\"\" sizes=\"100vw\" \/><\/a><\/div><a class=\"wp-block-latest-posts__post-title\" href=\"https:\/\/bivouhack.fr\/index.php\/2025\/08\/07\/bahnreise-3-urbex-et-fete-populaire\/\">Prot\u00e9g\u00e9\u00a0: Bahnreise #3 : Urbex et f\u00eate populaire<\/a><div class=\"wp-block-latest-posts__post-excerpt\">Ce contenu est prot\u00e9g\u00e9 par un mot de passe.<\/div><\/li>\n<li><div class=\"wp-block-latest-posts__featured-image alignright\"><a href=\"https:\/\/bivouhack.fr\/index.php\/2025\/10\/18\/bahnreise-3-paysans-du-chnord-et-concours-hippique\/\" aria-label=\"Prot\u00e9g\u00e9\u00a0: Bahnreise #4 : Paysans du ch&rsquo;nord et concours hippique\"><img decoding=\"async\" width=\"150\" height=\"150\" src=\"https:\/\/bivouhack.fr\/wp-content\/uploads\/2025\/08\/pxl_20250714_1133595487034183872555590391-150x150.jpg\" class=\"attachment-thumbnail size-thumbnail wp-post-image\" alt=\"\" style=\"\" sizes=\"100vw\" \/><\/a><\/div><a class=\"wp-block-latest-posts__post-title\" href=\"https:\/\/bivouhack.fr\/index.php\/2025\/10\/18\/bahnreise-3-paysans-du-chnord-et-concours-hippique\/\">Prot\u00e9g\u00e9\u00a0: Bahnreise #4 : Paysans du ch&rsquo;nord et concours hippique<\/a><div class=\"wp-block-latest-posts__post-excerpt\">Ce contenu est prot\u00e9g\u00e9 par un mot de passe.<\/div><\/li>\n<li><div class=\"wp-block-latest-posts__featured-image alignright\"><a href=\"https:\/\/bivouhack.fr\/index.php\/2025\/10\/22\/bahnreise-4\/\" aria-label=\"Prot\u00e9g\u00e9\u00a0: Bahnreise #5 : Escale militante \u00e0 Bruxelles\"><img decoding=\"async\" width=\"150\" height=\"150\" src=\"https:\/\/bivouhack.fr\/wp-content\/uploads\/2025\/10\/PXL_20250715_105532048-150x150.jpg\" class=\"attachment-thumbnail size-thumbnail wp-post-image\" alt=\"\" style=\"\" sizes=\"100vw\" \/><\/a><\/div><a class=\"wp-block-latest-posts__post-title\" href=\"https:\/\/bivouhack.fr\/index.php\/2025\/10\/22\/bahnreise-4\/\">Prot\u00e9g\u00e9\u00a0: Bahnreise #5 : Escale militante \u00e0 Bruxelles<\/a><div class=\"wp-block-latest-posts__post-excerpt\">Ce contenu est prot\u00e9g\u00e9 par un mot de passe.<\/div><\/li>\n<li><div class=\"wp-block-latest-posts__featured-image alignright\"><a href=\"https:\/\/bivouhack.fr\/index.php\/2025\/10\/23\/bahnreise-5-un-piaf-au-pays-des\/\" aria-label=\"Prot\u00e9g\u00e9\u00a0: Bahnreise #6 : Un piaf au pays des v\u00e9los et du p\u00e9trole\"><img decoding=\"async\" width=\"150\" height=\"150\" src=\"https:\/\/bivouhack.fr\/wp-content\/uploads\/2025\/10\/PXL_20250715_174244864-150x150.jpg\" class=\"attachment-thumbnail size-thumbnail wp-post-image\" alt=\"\" style=\"\" sizes=\"100vw\" \/><\/a><\/div><a class=\"wp-block-latest-posts__post-title\" href=\"https:\/\/bivouhack.fr\/index.php\/2025\/10\/23\/bahnreise-5-un-piaf-au-pays-des\/\">Prot\u00e9g\u00e9\u00a0: Bahnreise #6 : Un piaf au pays des v\u00e9los et du p\u00e9trole<\/a><div class=\"wp-block-latest-posts__post-excerpt\">Ce contenu est prot\u00e9g\u00e9 par un mot de passe.<\/div><\/li>\n<\/ul>","protected":false},"excerpt":{"rendered":"<p>Le r\u00e9cit des aventures en sac \u00e0 dos du moineau en juillet 2025. La carte du p\u00e9riple Carnet de voyage<\/p>\n","protected":false},"author":3,"featured_media":0,"parent":0,"menu_order":0,"comment_status":"closed","ping_status":"closed","template":"","meta":{"inspiro_hide_title":false,"footnotes":""},"class_list":["post-13329","page","type-page","status-publish","hentry"],"aioseo_notices":[],"_links":{"self":[{"href":"https:\/\/bivouhack.fr\/index.php\/wp-json\/wp\/v2\/pages\/13329","targetHints":{"allow":["GET"]}}],"collection":[{"href":"https:\/\/bivouhack.fr\/index.php\/wp-json\/wp\/v2\/pages"}],"about":[{"href":"https:\/\/bivouhack.fr\/index.php\/wp-json\/wp\/v2\/types\/page"}],"author":[{"embeddable":true,"href":"https:\/\/bivouhack.fr\/index.php\/wp-json\/wp\/v2\/users\/3"}],"replies":[{"embeddable":true,"href":"https:\/\/bivouhack.fr\/index.php\/wp-json\/wp\/v2\/comments?post=13329"}],"version-history":[{"count":2,"href":"https:\/\/bivouhack.fr\/index.php\/wp-json\/wp\/v2\/pages\/13329\/revisions"}],"predecessor-version":[{"id":13332,"href":"https:\/\/bivouhack.fr\/index.php\/wp-json\/wp\/v2\/pages\/13329\/revisions\/13332"}],"wp:attachment":[{"href":"https:\/\/bivouhack.fr\/index.php\/wp-json\/wp\/v2\/media?parent=13329"}],"curies":[{"name":"wp","href":"https:\/\/api.w.org\/{rel}","templated":true}]}}