{"id":266,"date":"2021-09-13T18:38:24","date_gmt":"2021-09-13T16:38:24","guid":{"rendered":"https:\/\/bivouhack.fr\/?page_id=266"},"modified":"2025-10-23T09:26:36","modified_gmt":"2025-10-23T07:26:36","slug":"accueil","status":"publish","type":"page","link":"https:\/\/bivouhack.fr\/","title":{"rendered":"Page Accueil"},"content":{"rendered":"\n<div class=\"wp-block-group is-layout-flow wp-block-group-is-layout-flow\">\n<h1 class=\"wp-block-heading alignwide has-text-align-center\">Les derni\u00e8res nouvelles<\/h1>\n\n\n\n<div class=\"wp-block-group is-layout-flow wp-block-group-is-layout-flow\"><ul style=\"padding-top:0;padding-bottom:0;padding-left:0;padding-right:0;margin-top:0;margin-bottom:0;\" class=\"wp-block-latest-posts__list is-grid columns-3 has-dates has-author wp-block-latest-posts\"><li><div class=\"wp-block-latest-posts__featured-image aligncenter\"><a href=\"https:\/\/bivouhack.fr\/index.php\/2026\/03\/19\/sauvegardez-vos-articles-preferes-et-faites-en-un-bouquin\/\" aria-label=\"Sauvegardez vos articles pr\u00e9f\u00e9r\u00e9s et faites en un bouquin\"><img decoding=\"async\" width=\"300\" height=\"36\" src=\"https:\/\/bivouhack.fr\/wp-content\/uploads\/2021\/08\/baniere-300x36.png\" class=\"attachment-medium size-medium wp-post-image\" alt=\"\" style=\"\" srcset=\"https:\/\/bivouhack.fr\/wp-content\/uploads\/2021\/08\/baniere-300x36.png 300w, https:\/\/bivouhack.fr\/wp-content\/uploads\/2021\/08\/baniere.png 600w\" sizes=\"100vw\" \/><\/a><\/div><a class=\"wp-block-latest-posts__post-title\" href=\"https:\/\/bivouhack.fr\/index.php\/2026\/03\/19\/sauvegardez-vos-articles-preferes-et-faites-en-un-bouquin\/\">Sauvegardez vos articles pr\u00e9f\u00e9r\u00e9s et faites en un bouquin<\/a><div class=\"wp-block-latest-posts__post-author\">par Fletan<\/div><time datetime=\"2026-03-19T18:18:43+01:00\" class=\"wp-block-latest-posts__post-date\">19 mars 2026<\/time><div class=\"wp-block-latest-posts__post-excerpt\">Voil\u00e0 bient\u00f4t 5 ans que ce blog existe. 9 auteurs et autrice, presque 600 articles, des milliers de photos, des dizaines de cartes. Bref, un sacr\u00e9 merdier et des milliers d&rsquo;heures de travail pour vos r\u00e9dacteurs ador\u00e9s. Mais c&rsquo;est pas tout ! Tout ce joli travail peut aussi servir de &hellip; <p class=\"link-more\"><a href=\"https:\/\/bivouhack.fr\/index.php\/2026\/03\/19\/sauvegardez-vos-articles-preferes-et-faites-en-un-bouquin\/\" class=\"more-link\">Lire la suite de<span class=\"screen-reader-text\">\u00ab\u00a0Sauvegardez vos articles pr\u00e9f\u00e9r\u00e9s et faites en un bouquin\u00a0\u00bb<\/span><\/a><\/p><\/div><\/li>\n<li><div class=\"wp-block-latest-posts__featured-image aligncenter\"><a href=\"https:\/\/bivouhack.fr\/index.php\/2025\/11\/25\/guide-pour-une-traversee-du-vercors-aux-petits-oignons\/\" aria-label=\"Guide pour une Travers\u00e9e du Vercors aux petits oignons\"><img decoding=\"async\" width=\"300\" height=\"200\" src=\"https:\/\/bivouhack.fr\/wp-content\/uploads\/2025\/11\/IMG_6845-300x200.jpg\" class=\"attachment-medium size-medium wp-post-image\" alt=\"\" style=\"\" srcset=\"https:\/\/bivouhack.fr\/wp-content\/uploads\/2025\/11\/IMG_6845-300x200.jpg 300w, https:\/\/bivouhack.fr\/wp-content\/uploads\/2025\/11\/IMG_6845-1024x683.jpg 1024w, https:\/\/bivouhack.fr\/wp-content\/uploads\/2025\/11\/IMG_6845-1536x1024.jpg 1536w, https:\/\/bivouhack.fr\/wp-content\/uploads\/2025\/11\/IMG_6845.jpg 1920w\" sizes=\"100vw\" \/><\/a><\/div><a class=\"wp-block-latest-posts__post-title\" href=\"https:\/\/bivouhack.fr\/index.php\/2025\/11\/25\/guide-pour-une-traversee-du-vercors-aux-petits-oignons\/\">Guide pour une Travers\u00e9e du Vercors aux petits oignons<\/a><div class=\"wp-block-latest-posts__post-author\">par clark<\/div><time datetime=\"2025-11-25T15:21:24+01:00\" class=\"wp-block-latest-posts__post-date\">25 novembre 2025<\/time><div class=\"wp-block-latest-posts__post-excerpt\">Bonjour bonjour, Petit article \u00e0 toute fin utile, pour qui voudrait s&rsquo;aventurer sur les Terres du Vercors &#8230; (\u00e9crit tr\u00e8s rapidemment) D\u00e9j\u00e0 il faut savoir qu&rsquo;il y a deux travers\u00e9es possibles : la petite Ouest\/Est ( je vous mets un petit topo en fin d&rsquo;article pour les interess\u00e9s) et la &hellip; <p class=\"link-more\"><a href=\"https:\/\/bivouhack.fr\/index.php\/2025\/11\/25\/guide-pour-une-traversee-du-vercors-aux-petits-oignons\/\" class=\"more-link\">Lire la suite de<span class=\"screen-reader-text\">\u00ab\u00a0Guide pour une Travers\u00e9e du Vercors aux petits oignons\u00a0\u00bb<\/span><\/a><\/p><\/div><\/li>\n<li><div class=\"wp-block-latest-posts__featured-image aligncenter\"><a href=\"https:\/\/bivouhack.fr\/index.php\/2025\/11\/10\/comment-se-faire-des-amis-big-nerd-edition\/\" aria-label=\"Comment se faire des amis : big nerd edition\"><img decoding=\"async\" width=\"300\" height=\"300\" src=\"https:\/\/bivouhack.fr\/wp-content\/uploads\/2025\/11\/ChatGPT-Image-12-nov.-2025-23_39_30-300x300.jpg\" class=\"attachment-medium size-medium wp-post-image\" alt=\"\" style=\"\" srcset=\"https:\/\/bivouhack.fr\/wp-content\/uploads\/2025\/11\/ChatGPT-Image-12-nov.-2025-23_39_30-300x300.jpg 300w, https:\/\/bivouhack.fr\/wp-content\/uploads\/2025\/11\/ChatGPT-Image-12-nov.-2025-23_39_30-150x150.jpg 150w, https:\/\/bivouhack.fr\/wp-content\/uploads\/2025\/11\/ChatGPT-Image-12-nov.-2025-23_39_30.jpg 1024w\" sizes=\"100vw\" \/><\/a><\/div><a class=\"wp-block-latest-posts__post-title\" href=\"https:\/\/bivouhack.fr\/index.php\/2025\/11\/10\/comment-se-faire-des-amis-big-nerd-edition\/\">Comment se faire des amis : big nerd edition<\/a><div class=\"wp-block-latest-posts__post-author\">par Cancrelat<\/div><time datetime=\"2025-11-10T20:00:18+01:00\" class=\"wp-block-latest-posts__post-date\">10 novembre 2025<\/time><div class=\"wp-block-latest-posts__post-excerpt\">Commen\u00e7ons comme tout livre de d\u00e9veloppement personnel. J\u2019\u00e9tais un grand timide. Je me souviens tr\u00e8s bien d\u2019une fois, quand j\u2019\u00e9tais en sixi\u00e8me. Un ami de mon fr\u00e8re (qui s&rsquo;aime pas mal) me demandait combien d\u2019amis j\u2019avais. J\u2019avais pr\u00e9par\u00e9 ma r\u00e9ponse, parce que dans mon coll\u00e8ge la pire chose qui pouvait &hellip; <p class=\"link-more\"><a href=\"https:\/\/bivouhack.fr\/index.php\/2025\/11\/10\/comment-se-faire-des-amis-big-nerd-edition\/\" class=\"more-link\">Lire la suite de<span class=\"screen-reader-text\">\u00ab\u00a0Comment se faire des amis : big nerd edition\u00a0\u00bb<\/span><\/a><\/p><\/div><\/li>\n<\/ul>\n\n\n<div class=\"wp-block-buttons is-horizontal is-content-justification-center is-layout-flex wp-container-core-buttons-is-layout-03627597 wp-block-buttons-is-layout-flex\">\n<div class=\"wp-block-button\"><a class=\"wp-block-button__link wp-element-button\" href=\"https:\/\/bivouhack.fr\/index.php\/articles\/\">Plus d&rsquo;articles<\/a><\/div>\n<\/div>\n<\/div>\n\n\n\n<div class=\"wp-block-group alignwide is-layout-flow wp-block-group-is-layout-flow\">\n<h2 class=\"wp-block-heading\">Les articles des BivouHackeurs :<\/h2>\n\n\n\n<div class=\"wp-block-group is-horizontal is-content-justification-center is-layout-flex wp-container-core-group-is-layout-4f6f85ca wp-block-group-is-layout-flex\">\n<div class=\"wp-block-group is-layout-flow wp-block-group-is-layout-flow\">\n<figure class=\"wp-block-image size-thumbnail is-resized is-style-rounded\"><a href=\"https:\/\/bivouhack.fr\/index.php\/author\/blaireau\/\"><img decoding=\"async\" width=\"13\" height=\"13\" src=\"https:\/\/bivouhack.fr\/wp-content\/uploads\/2025\/10\/cercle-blaireau.svg\" alt=\"\" class=\"wp-image-13276\" style=\"width:75px;height:75px\"\/><\/a><figcaption class=\"wp-element-caption\">Blaireau<\/figcaption><\/figure>\n<\/div>\n\n\n\n<div class=\"wp-block-group is-layout-flow wp-block-group-is-layout-flow\">\n<figure class=\"wp-block-image size-thumbnail is-resized is-style-rounded\"><a href=\"https:\/\/bivouhack.fr\/index.php\/author\/clark\/\"><img decoding=\"async\" width=\"13\" height=\"13\" src=\"https:\/\/bivouhack.fr\/wp-content\/uploads\/2025\/10\/cercle-clark.svg\" alt=\"\" class=\"wp-image-13277\" style=\"width:75px;height:75px\"\/><\/a><figcaption class=\"wp-element-caption\">Clark<\/figcaption><\/figure>\n<\/div>\n\n\n\n<div class=\"wp-block-group is-layout-flow wp-block-group-is-layout-flow\">\n<figure class=\"wp-block-image size-thumbnail is-resized is-style-rounded\"><a href=\"https:\/\/bivouhack.fr\/index.php\/author\/fletan\/\"><img decoding=\"async\" width=\"150\" height=\"150\" src=\"https:\/\/bivouhack.fr\/wp-content\/uploads\/2021\/11\/ALIMENTARIUM_fletan_0-e1637322956499-150x150.jpg\" alt=\"Fletan\" class=\"wp-image-1984\" style=\"width:75px;height:75px\" srcset=\"https:\/\/bivouhack.fr\/wp-content\/uploads\/2021\/11\/ALIMENTARIUM_fletan_0-e1637322956499-150x150.jpg 150w, https:\/\/bivouhack.fr\/wp-content\/uploads\/2021\/11\/ALIMENTARIUM_fletan_0-e1637322956499-24x24.jpg 24w, https:\/\/bivouhack.fr\/wp-content\/uploads\/2021\/11\/ALIMENTARIUM_fletan_0-e1637322956499-48x48.jpg 48w, https:\/\/bivouhack.fr\/wp-content\/uploads\/2021\/11\/ALIMENTARIUM_fletan_0-e1637322956499-96x96.jpg 96w, https:\/\/bivouhack.fr\/wp-content\/uploads\/2021\/11\/ALIMENTARIUM_fletan_0-e1637322956499-300x300.jpg 300w\" sizes=\"(max-width: 150px) 100vw, 150px\" \/><\/a><figcaption class=\"wp-element-caption\">Fletan<\/figcaption><\/figure>\n<\/div>\n\n\n\n<div class=\"wp-block-group is-layout-flow wp-block-group-is-layout-flow\">\n<figure class=\"wp-block-image size-thumbnail is-resized is-style-rounded\"><a href=\"https:\/\/bivouhack.fr\/index.php\/author\/damdam\/\"><img decoding=\"async\" width=\"150\" height=\"150\" src=\"https:\/\/bivouhack.fr\/wp-content\/uploads\/2021\/12\/blatte-mignonne_33070-2633-150x150.webp\" alt=\"Damdam\" class=\"wp-image-2728\" style=\"width:75px;height:75px\" srcset=\"https:\/\/bivouhack.fr\/wp-content\/uploads\/2021\/12\/blatte-mignonne_33070-2633-150x150.webp 150w, https:\/\/bivouhack.fr\/wp-content\/uploads\/2021\/12\/blatte-mignonne_33070-2633-24x24.webp 24w, https:\/\/bivouhack.fr\/wp-content\/uploads\/2021\/12\/blatte-mignonne_33070-2633-48x48.webp 48w, https:\/\/bivouhack.fr\/wp-content\/uploads\/2021\/12\/blatte-mignonne_33070-2633-96x96.webp 96w, https:\/\/bivouhack.fr\/wp-content\/uploads\/2021\/12\/blatte-mignonne_33070-2633-300x300.webp 300w\" sizes=\"(max-width: 150px) 100vw, 150px\" \/><\/a><figcaption class=\"wp-element-caption\">Cancrelat<\/figcaption><\/figure>\n<\/div>\n\n\n\n<div class=\"wp-block-group is-layout-flow wp-block-group-is-layout-flow\">\n<figure class=\"wp-block-image size-thumbnail is-resized is-style-rounded\"><a href=\"https:\/\/bivouhack.fr\/index.php\/author\/marty\/\"><img decoding=\"async\" width=\"150\" height=\"150\" src=\"https:\/\/bivouhack.fr\/wp-content\/uploads\/2022\/07\/marty-150x150.jpg\" alt=\"\" class=\"wp-image-6721\" style=\"width:75px;height:75px\" srcset=\"https:\/\/bivouhack.fr\/wp-content\/uploads\/2022\/07\/marty-150x150.jpg 150w, https:\/\/bivouhack.fr\/wp-content\/uploads\/2022\/07\/marty-24x24.jpg 24w, https:\/\/bivouhack.fr\/wp-content\/uploads\/2022\/07\/marty-48x48.jpg 48w, https:\/\/bivouhack.fr\/wp-content\/uploads\/2022\/07\/marty-96x96.jpg 96w, https:\/\/bivouhack.fr\/wp-content\/uploads\/2022\/07\/marty-300x300.jpg 300w\" sizes=\"(max-width: 150px) 100vw, 150px\" \/><\/a><figcaption class=\"wp-element-caption\">Marty<\/figcaption><\/figure>\n<\/div>\n\n\n\n<div class=\"wp-block-group is-layout-flow wp-block-group-is-layout-flow\">\n<figure class=\"wp-block-image size-thumbnail is-resized is-style-rounded\"><a href=\"https:\/\/bivouhack.fr\/index.php\/author\/pintade\/\"><img decoding=\"async\" width=\"13\" height=\"13\" src=\"https:\/\/bivouhack.fr\/wp-content\/uploads\/2025\/10\/cercle-pintade.svg\" alt=\"\" class=\"wp-image-13281\" style=\"width:75px;height:75px\"\/><\/a><figcaption class=\"wp-element-caption\">Pintade<\/figcaption><\/figure>\n<\/div>\n\n\n\n<div class=\"wp-block-group is-layout-flow wp-block-group-is-layout-flow\">\n<figure class=\"wp-block-image size-thumbnail is-resized is-style-rounded\"><a href=\"https:\/\/bivouhack.fr\/index.php\/author\/piouaille\/\"><img decoding=\"async\" width=\"13\" height=\"13\" src=\"https:\/\/bivouhack.fr\/wp-content\/uploads\/2025\/10\/cercle-moineau.svg\" alt=\"\" class=\"wp-image-13280\" style=\"width:79px;height:auto\"\/><\/a><figcaption class=\"wp-element-caption\">Moineau<\/figcaption><\/figure>\n<\/div>\n\n\n\n<div class=\"wp-block-group is-layout-flow wp-block-group-is-layout-flow\">\n<figure class=\"wp-block-image size-thumbnail is-resized is-style-rounded\"><a href=\"https:\/\/bivouhack.fr\/index.php\/author\/asticot\/\"><img decoding=\"async\" width=\"13\" height=\"13\" src=\"https:\/\/bivouhack.fr\/wp-content\/uploads\/2025\/10\/cercle-asticot.svg\" alt=\"\" class=\"wp-image-13275\" style=\"width:75px;height:75px\"\/><\/a><figcaption class=\"wp-element-caption\">Asticot<\/figcaption><\/figure>\n<\/div>\n\n\n\n<figure class=\"wp-block-image size-thumbnail is-resized is-style-rounded\"><a href=\"https:\/\/bivouhack.fr\/index.php\/author\/cornflex\/\"><img decoding=\"async\" width=\"13\" height=\"13\" src=\"https:\/\/bivouhack.fr\/wp-content\/uploads\/2025\/10\/cercle-2-cornflex.svg\" alt=\"\" class=\"wp-image-13283\" style=\"width:75px;height:75px\"\/><\/a><figcaption class=\"wp-element-caption\">CornFlex<\/figcaption><\/figure>\n<\/div>\n<\/div>\n<\/div>\n\n\n\n<div class=\"wp-block-group alignfull has-white-color has-black-background-color has-text-color has-background is-layout-flow wp-block-group-is-layout-flow\">\n<div class=\"wp-block-media-text is-stacked-on-mobile\" style=\"grid-template-columns:28% auto\"><figure class=\"wp-block-media-text__media\"><img decoding=\"async\" width=\"432\" height=\"432\" src=\"https:\/\/bivouhack.fr\/wp-content\/uploads\/2021\/09\/dc2-8Vf7jDJ6.gif\" alt=\"\" class=\"wp-image-295 size-full\"\/><\/figure><div class=\"wp-block-media-text__content\">\n<h2 class=\"wp-block-heading has-white-color has-text-color\">Comprendre le BivouHack<\/h2>\n\n\n\n<p>Le BivouHack Crew est un groupe de jeunes marauds form\u00e9 en 2019 dans des circonstances encore obscures. Ils bivouhackent et explorent seuls ou en meute. Gr\u00e2ce \u00e0 diff\u00e9rents mat\u00e9riaux, ils construisent des syst\u00e8mes et font de la musique. <\/p>\n\n\n\n<p>Ce blog rassemble des t\u00e9moignages de leurs exp\u00e9ditions, pour garder une trace de ces aventures et les partager \u00e0 l&rsquo;ensemble des adeptes.<\/p>\n\n\n\n<div class=\"wp-block-buttons is-horizontal is-content-justification-center is-layout-flex wp-container-core-buttons-is-layout-03627597 wp-block-buttons-is-layout-flex\">\n<div class=\"wp-block-button\"><a class=\"wp-block-button__link wp-element-button\" href=\"https:\/\/bivouhack.fr\/index.php\/contact\/\">Nous contacter<\/a><\/div>\n<\/div>\n<\/div><\/div>\n<\/div>\n\n\n\n<style>\n.webnots_quote {\nbackground: transparent;\nborder-bottom: 4px solid #444;\nborder-top: 4px solid #444;\nmargin: 2em 0;\npadding: 1em 0;\ntext-align: center;\nfont-size: 30px;\nfont-weight: bold;\nfont-style: italic;\n}\n<\/style>\n<blockquote class=\"webnots_quote\">\n\u00ab\u00a0Le BivouHack est une secte sans gourou, un art de vivre sans r\u00e8gle, un voyage sans destination\u00a0\u00bb\n<\/blockquote>\n\n\n\n<div class=\"wp-block-group alignfull has-black-color has-black-background-color has-text-color has-background is-layout-flow wp-block-group-is-layout-flow\">\n<div class=\"wp-block-media-text has-media-on-the-right is-stacked-on-mobile has-white-color has-text-color\" style=\"grid-template-columns:auto 35%\"><div class=\"wp-block-media-text__content\">\n<h2 class=\"wp-block-heading has-white-color has-text-color\">Les aventures du Bivouhack<\/h2>\n\n\n\n<p>Du Pas de la Mort au catacombes parisiennes ; des vall\u00e9es savoyardes aux d\u00e9serts d&rsquo;am\u00e9rique latine&#8230; Le bivouhackeur s\u2019adapte \u00e0 tout type d&rsquo;environnement. On peut le rep\u00e9rer \u00e0 son sac \u00e0 dos abim\u00e9 et \u00e0 son opinel affut\u00e9. <\/p>\n\n\n\n<p>En g\u00e9n\u00e9ral, le BivouHack Crew \u00e9vite les foules. Il privil\u00e9gie la nature  notamment la montagne hors saison touristique. Lorsqu&rsquo;il est coinc\u00e9 en milieu urbain il se rassemble sur les toits des b\u00e2timents ou dans des souterrains oubli\u00e9s.<\/p>\n<\/div><figure class=\"wp-block-media-text__media\"><img decoding=\"async\" width=\"1024\" height=\"768\" src=\"https:\/\/bivouhack.fr\/wp-content\/uploads\/2021\/09\/IMG_20200705_234152-1024x768.jpg\" alt=\"\" class=\"wp-image-276 size-full\" srcset=\"https:\/\/bivouhack.fr\/wp-content\/uploads\/2021\/09\/IMG_20200705_234152-1024x768.jpg 1024w, https:\/\/bivouhack.fr\/wp-content\/uploads\/2021\/09\/IMG_20200705_234152-300x225.jpg 300w, https:\/\/bivouhack.fr\/wp-content\/uploads\/2021\/09\/IMG_20200705_234152-768x576.jpg 768w, https:\/\/bivouhack.fr\/wp-content\/uploads\/2021\/09\/IMG_20200705_234152-1536x1152.jpg 1536w, https:\/\/bivouhack.fr\/wp-content\/uploads\/2021\/09\/IMG_20200705_234152-1568x1176.jpg 1568w, https:\/\/bivouhack.fr\/wp-content\/uploads\/2021\/09\/IMG_20200705_234152.jpg 1672w\" sizes=\"(max-width: 1024px) 100vw, 1024px\" \/><\/figure><\/div>\n<\/div>\n\n\n\n<div class=\"wp-block-group alignfull is-layout-flow wp-block-group-is-layout-flow\"><div id=\"travelersmap-container-69fb138d48e46\" class=\"travelersmap-container\" style=\"z-index: 1; min-height: 10px; min-width:10px; height:450px;width:100%; max-width:; max-height:; position:relative;\"><div style=\"position:absolute; z-index:-1;top: 50%;text-align: center;display: block;left: 50%;transform: translate(-50%,-50%);\">Travelers' Map is loading...<br>If you see this after your page is loaded completely, leafletJS files are missing.<\/div><\/div>\n\n\n\n<figure class=\"wp-block-audio\"><audio controls src=\"https:\/\/bivouhack.fr\/wp-content\/uploads\/2024\/09\/Berurier-Noir-La-piste-inconnue.mp3\" autoplay preload=\"auto\"><\/audio><\/figure>\n<\/div>\n","protected":false},"excerpt":{"rendered":"<p>Les derni\u00e8res nouvelles Les articles des BivouHackeurs : Comprendre le BivouHack Le BivouHack Crew est un groupe de jeunes marauds form\u00e9 en 2019 dans des circonstances encore obscures. Ils bivouhackent et explorent seuls ou en meute. Gr\u00e2ce \u00e0 diff\u00e9rents mat\u00e9riaux, ils construisent des syst\u00e8mes et font de la musique. Ce blog rassemble des t\u00e9moignages de &hellip; <\/p>\n<p class=\"link-more\"><a href=\"https:\/\/bivouhack.fr\/index.php\/2021\/09\/03\/proquerolles-1-vendanges-au-paradis\/\" class=\"more-link\">Lire la suite de<span class=\"screen-reader-text\">\u00ab\u00a0Porquerolles #1 : vendanges au paradis\u00a0\u00bb<\/span><\/a><\/p>\n","protected":false},"author":1,"featured_media":0,"parent":0,"menu_order":0,"comment_status":"closed","ping_status":"closed","template":"","meta":{"inspiro_hide_title":false,"footnotes":""},"class_list":["post-266","page","type-page","status-publish","hentry"],"aioseo_notices":[],"_links":{"self":[{"href":"https:\/\/bivouhack.fr\/index.php\/wp-json\/wp\/v2\/pages\/266","targetHints":{"allow":["GET"]}}],"collection":[{"href":"https:\/\/bivouhack.fr\/index.php\/wp-json\/wp\/v2\/pages"}],"about":[{"href":"https:\/\/bivouhack.fr\/index.php\/wp-json\/wp\/v2\/types\/page"}],"author":[{"embeddable":true,"href":"https:\/\/bivouhack.fr\/index.php\/wp-json\/wp\/v2\/users\/1"}],"replies":[{"embeddable":true,"href":"https:\/\/bivouhack.fr\/index.php\/wp-json\/wp\/v2\/comments?post=266"}],"version-history":[{"count":97,"href":"https:\/\/bivouhack.fr\/index.php\/wp-json\/wp\/v2\/pages\/266\/revisions"}],"predecessor-version":[{"id":13357,"href":"https:\/\/bivouhack.fr\/index.php\/wp-json\/wp\/v2\/pages\/266\/revisions\/13357"}],"wp:attachment":[{"href":"https:\/\/bivouhack.fr\/index.php\/wp-json\/wp\/v2\/media?parent=266"}],"curies":[{"name":"wp","href":"https:\/\/api.w.org\/{rel}","templated":true}]}}