{"id":9465,"date":"2023-07-25T22:18:54","date_gmt":"2023-07-25T20:18:54","guid":{"rendered":"https:\/\/bivouhack.fr\/?page_id=9465"},"modified":"2023-07-28T17:49:27","modified_gmt":"2023-07-28T15:49:27","slug":"osterreich-vs-scomion","status":"publish","type":"page","link":"https:\/\/bivouhack.fr\/index.php\/osterreich-vs-scomion\/","title":{"rendered":"\u00d6sterreich vs Scomion"},"content":{"rendered":"\n<p>Derri\u00e8re ce titre barbare se cache de biens charmantes personnes : Clark notre envoy\u00e9e sp\u00e9ciale, Oscar son grand nounours charmant et Bosco, leur toutou foufou.<\/p>\n\n\n\n<p>Suivez nos h\u00e9ros dans leurs aventures \u00e0 bord du Scomion, un bolide aussi chaleureux que magnifique.<\/p>\n\n\n<div id=\"travelersmap-container-6a08d34cdb972\" class=\"travelersmap-container\" style=\"z-index: 1; min-height: 10px; min-width:10px; height:600px;width:100%; max-width:; max-height:; position:relative;\"><div style=\"position:absolute; z-index:-1;top: 50%;text-align: center;display: block;left: 50%;transform: translate(-50%,-50%);\">Travelers' Map is loading...<br>If you see this after your page is loaded completely, leafletJS files are missing.<\/div><\/div>\n\n\n\n<h2 class=\"wp-block-heading\">Les derniers articles<\/h2>\n\n\n<ul class=\"wp-block-latest-posts__list wp-block-latest-posts\"><li><a class=\"wp-block-latest-posts__post-title\" href=\"https:\/\/bivouhack.fr\/index.php\/2023\/08\/12\/ovss-8-journee-echec-et-histoire-dautriche\/\">\u00d6vsS #8 Journ\u00e9e echec et histoire d&rsquo;Autriche<\/a><div class=\"wp-block-latest-posts__post-excerpt\">Le 23 juillet fait partie de ces journ\u00e9es un peu rat\u00e9e, qui ne ressemblent \u00e0 rien mais qui pourtant plantent sournoisement des graines dans ton cerveau. Je traine des pieds. Grand Nounours trouve une petite balade pour avoir un point de vue sur les alpes italiennes. Les Dolomites. Mais bon &hellip; <p class=\"link-more\"><a href=\"https:\/\/bivouhack.fr\/index.php\/2023\/08\/12\/ovss-8-journee-echec-et-histoire-dautriche\/\" class=\"more-link\">Lire la suite de<span class=\"screen-reader-text\">\u00ab\u00a0\u00d6vsS #8 Journ\u00e9e echec et histoire d&rsquo;Autriche\u00a0\u00bb<\/span><\/a><\/p><\/div><\/li>\n<li><div class=\"wp-block-latest-posts__featured-image\"><img decoding=\"async\" width=\"768\" height=\"1024\" src=\"https:\/\/bivouhack.fr\/wp-content\/uploads\/2023\/08\/Autriche-italie58-768x1024.jpeg\" class=\"attachment-large size-large wp-post-image\" alt=\"\" style=\"max-width:1024px;max-height:1024px;\" srcset=\"https:\/\/bivouhack.fr\/wp-content\/uploads\/2023\/08\/Autriche-italie58-768x1024.jpeg 768w, https:\/\/bivouhack.fr\/wp-content\/uploads\/2023\/08\/Autriche-italie58-225x300.jpeg 225w, https:\/\/bivouhack.fr\/wp-content\/uploads\/2023\/08\/Autriche-italie58-1152x1536.jpeg 1152w, https:\/\/bivouhack.fr\/wp-content\/uploads\/2023\/08\/Autriche-italie58.jpeg 1440w\" sizes=\"100vw\" \/><\/div><a class=\"wp-block-latest-posts__post-title\" href=\"https:\/\/bivouhack.fr\/index.php\/2023\/08\/12\/ovss-7-route-du-grossglockner\/\">\u00d6vsS #7 Route du Grossglockner<\/a><div class=\"wp-block-latest-posts__post-excerpt\">Les autrichiens ont un concept de tourisme \u00e9trange. Certains col de montagnes sont payants. Ils les transforment en \u00ab\u00a0routes panoramiques\u00a0\u00bb, avec des points o\u00f9 s\u2019arr\u00eater pour voir la vue, des histoires sur la g\u00e9ologie, la faune &amp; la flore , des boutiques souvenirs, des mus\u00e9es sur les marmottes\u2026 Celle du &hellip; <p class=\"link-more\"><a href=\"https:\/\/bivouhack.fr\/index.php\/2023\/08\/12\/ovss-7-route-du-grossglockner\/\" class=\"more-link\">Lire la suite de<span class=\"screen-reader-text\">\u00ab\u00a0\u00d6vsS #7 Route du Grossglockner\u00a0\u00bb<\/span><\/a><\/p><\/div><\/li>\n<li><div class=\"wp-block-latest-posts__featured-image\"><img decoding=\"async\" width=\"768\" height=\"1024\" src=\"https:\/\/bivouhack.fr\/wp-content\/uploads\/2023\/08\/Autriche-italie38-768x1024.jpeg\" class=\"attachment-large size-large wp-post-image\" alt=\"\" style=\"max-width:1024px;max-height:1024px;\" srcset=\"https:\/\/bivouhack.fr\/wp-content\/uploads\/2023\/08\/Autriche-italie38-768x1024.jpeg 768w, https:\/\/bivouhack.fr\/wp-content\/uploads\/2023\/08\/Autriche-italie38-225x300.jpeg 225w, https:\/\/bivouhack.fr\/wp-content\/uploads\/2023\/08\/Autriche-italie38-1152x1536.jpeg 1152w, https:\/\/bivouhack.fr\/wp-content\/uploads\/2023\/08\/Autriche-italie38.jpeg 1440w\" sizes=\"100vw\" \/><\/div><a class=\"wp-block-latest-posts__post-title\" href=\"https:\/\/bivouhack.fr\/index.php\/2023\/08\/12\/ovss-6-jours-de-pluie\/\">\u00d6vsS #6  Jours de pluie<\/a><div class=\"wp-block-latest-posts__post-excerpt\">19 juillet. RAS. On visite quelques heures un village class\u00e9 Unesco, Hallstatt. Au bord de l\u2019eau, il se compose de ces chalets typiques, avec des balcons fleuris. Tous entass\u00e9s les uns sur les autres. Moins r\u00e9gulier que les suisses. Quelques objets insolites comme un moulin \u00e0 eau fait avec un &hellip; <p class=\"link-more\"><a href=\"https:\/\/bivouhack.fr\/index.php\/2023\/08\/12\/ovss-6-jours-de-pluie\/\" class=\"more-link\">Lire la suite de<span class=\"screen-reader-text\">\u00ab\u00a0\u00d6vsS #6  Jours de pluie\u00a0\u00bb<\/span><\/a><\/p><\/div><\/li>\n<li><div class=\"wp-block-latest-posts__featured-image\"><img decoding=\"async\" width=\"950\" height=\"713\" src=\"https:\/\/bivouhack.fr\/wp-content\/uploads\/2023\/08\/WhatsApp-Image-2023-08-10-at-18.22.04-1024x768.jpeg\" class=\"attachment-large size-large wp-post-image\" alt=\"\" style=\"max-width:1024px;max-height:1024px;\" srcset=\"https:\/\/bivouhack.fr\/wp-content\/uploads\/2023\/08\/WhatsApp-Image-2023-08-10-at-18.22.04-1024x768.jpeg 1024w, https:\/\/bivouhack.fr\/wp-content\/uploads\/2023\/08\/WhatsApp-Image-2023-08-10-at-18.22.04-300x225.jpeg 300w, https:\/\/bivouhack.fr\/wp-content\/uploads\/2023\/08\/WhatsApp-Image-2023-08-10-at-18.22.04-768x576.jpeg 768w, https:\/\/bivouhack.fr\/wp-content\/uploads\/2023\/08\/WhatsApp-Image-2023-08-10-at-18.22.04-1536x1152.jpeg 1536w, https:\/\/bivouhack.fr\/wp-content\/uploads\/2023\/08\/WhatsApp-Image-2023-08-10-at-18.22.04.jpeg 1920w\" sizes=\"100vw\" \/><\/div><a class=\"wp-block-latest-posts__post-title\" href=\"https:\/\/bivouhack.fr\/index.php\/2023\/08\/10\/ovss-5-les-plus-petits-lacs\/\">\u00d6vsS #5 Les plus petits lacs<\/a><div class=\"wp-block-latest-posts__post-excerpt\">17 juillet. 15h. On quitte les grands lacs, et on s\u2019engouffre dans une vall\u00e9e du Salzkammergut pour trouver encore un lac. Mais sans voiture cette fois ci, ouf. Je vais pas me r\u00e9p\u00e9ter \u00e0 chaque fois, donc retenez bien ces 4 (faux) F :Les lacs sont Froids &#8211; Foutrement translucide &hellip; <p class=\"link-more\"><a href=\"https:\/\/bivouhack.fr\/index.php\/2023\/08\/10\/ovss-5-les-plus-petits-lacs\/\" class=\"more-link\">Lire la suite de<span class=\"screen-reader-text\">\u00ab\u00a0\u00d6vsS #5 Les plus petits lacs\u00a0\u00bb<\/span><\/a><\/p><\/div><\/li>\n<li><div class=\"wp-block-latest-posts__featured-image\"><img decoding=\"async\" width=\"768\" height=\"1024\" src=\"https:\/\/bivouhack.fr\/wp-content\/uploads\/2023\/07\/WhatsApp-Image-2023-07-29-at-20.35.084.jpeg\" class=\"attachment-large size-large wp-post-image\" alt=\"\" style=\"max-width:1024px;max-height:1024px;\" srcset=\"https:\/\/bivouhack.fr\/wp-content\/uploads\/2023\/07\/WhatsApp-Image-2023-07-29-at-20.35.084.jpeg 768w, https:\/\/bivouhack.fr\/wp-content\/uploads\/2023\/07\/WhatsApp-Image-2023-07-29-at-20.35.084-225x300.jpeg 225w\" sizes=\"100vw\" \/><\/div><a class=\"wp-block-latest-posts__post-title\" href=\"https:\/\/bivouhack.fr\/index.php\/2023\/07\/29\/ovss-4-les-grands-lacs\/\">\u00d6vsS #4 Les Grands Lacs<\/a><div class=\"wp-block-latest-posts__post-excerpt\">Fin des villes, direction la nature enfin ! On arrive aux Grands Lacs, les fameux. Immenses, d\u2019une couleur tr\u00e8s pure et entour\u00e9s de montagne, je comprend l\u2019attrait. Je comprend beaucoup moins pourquoi tout les abords sont priv\u00e9s. Les gens se baignent sur leur mini pelouse, avec parfois une maison mais &hellip; <p class=\"link-more\"><a href=\"https:\/\/bivouhack.fr\/index.php\/2023\/07\/29\/ovss-4-les-grands-lacs\/\" class=\"more-link\">Lire la suite de<span class=\"screen-reader-text\">\u00ab\u00a0\u00d6vsS #4 Les Grands Lacs\u00a0\u00bb<\/span><\/a><\/p><\/div><\/li>\n<li><div class=\"wp-block-latest-posts__featured-image\"><img decoding=\"async\" width=\"950\" height=\"713\" src=\"https:\/\/bivouhack.fr\/wp-content\/uploads\/2023\/07\/WhatsApp-Image-2023-07-29-at-20.35.08.jpeg\" class=\"attachment-large size-large wp-post-image\" alt=\"\" style=\"max-width:1024px;max-height:1024px;\" srcset=\"https:\/\/bivouhack.fr\/wp-content\/uploads\/2023\/07\/WhatsApp-Image-2023-07-29-at-20.35.08.jpeg 1024w, https:\/\/bivouhack.fr\/wp-content\/uploads\/2023\/07\/WhatsApp-Image-2023-07-29-at-20.35.08-300x225.jpeg 300w, https:\/\/bivouhack.fr\/wp-content\/uploads\/2023\/07\/WhatsApp-Image-2023-07-29-at-20.35.08-768x576.jpeg 768w\" sizes=\"100vw\" \/><\/div><a class=\"wp-block-latest-posts__post-title\" href=\"https:\/\/bivouhack.fr\/index.php\/2023\/07\/29\/ovss3-les-villes-germaniques\/\">\u00d6vsS#3 Les villes germaniques<\/a><div class=\"wp-block-latest-posts__post-excerpt\">R\u00e9veill\u00e9e \u00e0 7h par une foule de voiture qui me font des grimaces bizarres, je comprend que le super spot for\u00eat isol\u00e9e est en r\u00e9alit\u00e9 la balade du matin de tout les habitants du coin. On se casse vite, direction Munich.Quelques heures \u00e0 fl\u00e2ner dans son centre, il s\u2019y d\u00e9gage &hellip; <p class=\"link-more\"><a href=\"https:\/\/bivouhack.fr\/index.php\/2023\/07\/29\/ovss3-les-villes-germaniques\/\" class=\"more-link\">Lire la suite de<span class=\"screen-reader-text\">\u00ab\u00a0\u00d6vsS#3 Les villes germaniques\u00a0\u00bb<\/span><\/a><\/p><\/div><\/li>\n<li><div class=\"wp-block-latest-posts__featured-image\"><img decoding=\"async\" width=\"768\" height=\"1024\" src=\"https:\/\/bivouhack.fr\/wp-content\/uploads\/2023\/07\/WhatsApp-Image-2023-07-26-at-18.47.254.jpeg\" class=\"attachment-large size-large wp-post-image\" alt=\"\" style=\"max-width:1024px;max-height:1024px;\" srcset=\"https:\/\/bivouhack.fr\/wp-content\/uploads\/2023\/07\/WhatsApp-Image-2023-07-26-at-18.47.254.jpeg 768w, https:\/\/bivouhack.fr\/wp-content\/uploads\/2023\/07\/WhatsApp-Image-2023-07-26-at-18.47.254-225x300.jpeg 225w\" sizes=\"100vw\" \/><\/div><a class=\"wp-block-latest-posts__post-title\" href=\"https:\/\/bivouhack.fr\/index.php\/2023\/07\/26\/ovss-2-deutschland\/\">\u00d6vsS #2 &#8211; Deutschland<\/a><div class=\"wp-block-latest-posts__post-excerpt\">Halo !C\u2019est parti, 2e petit pav\u00e9 pour vous raconter les premiers jours du voyage, consacr\u00e9s \u00e0 la travers\u00e9e jusqu\u2019\u00e0 Salzburg, la ville d\u2019Autriche o\u00f9 les Alpes d\u00e9marrent depuis l\u2019Est. Ce n\u2019est peut \u00eatre pas la partie la plus d\u00e9paysante, donc vous pouvez lire comme un manuel de math\u00e9matique un vendredi &hellip; <p class=\"link-more\"><a href=\"https:\/\/bivouhack.fr\/index.php\/2023\/07\/26\/ovss-2-deutschland\/\" class=\"more-link\">Lire la suite de<span class=\"screen-reader-text\">\u00ab\u00a0\u00d6vsS #2 &#8211; Deutschland\u00a0\u00bb<\/span><\/a><\/p><\/div><\/li>\n<li><div class=\"wp-block-latest-posts__featured-image\"><img decoding=\"async\" width=\"950\" height=\"713\" src=\"https:\/\/bivouhack.fr\/wp-content\/uploads\/2023\/07\/WhatsApp-Image-2023-07-23-at-18.31.39-1024x768.jpeg\" class=\"attachment-large size-large wp-post-image\" alt=\"\" style=\"max-width:1024px;max-height:1024px;\" srcset=\"https:\/\/bivouhack.fr\/wp-content\/uploads\/2023\/07\/WhatsApp-Image-2023-07-23-at-18.31.39-1024x768.jpeg 1024w, https:\/\/bivouhack.fr\/wp-content\/uploads\/2023\/07\/WhatsApp-Image-2023-07-23-at-18.31.39-300x225.jpeg 300w, https:\/\/bivouhack.fr\/wp-content\/uploads\/2023\/07\/WhatsApp-Image-2023-07-23-at-18.31.39-768x576.jpeg 768w, https:\/\/bivouhack.fr\/wp-content\/uploads\/2023\/07\/WhatsApp-Image-2023-07-23-at-18.31.39-1536x1152.jpeg 1536w, https:\/\/bivouhack.fr\/wp-content\/uploads\/2023\/07\/WhatsApp-Image-2023-07-23-at-18.31.39.jpeg 1600w\" sizes=\"100vw\" \/><\/div><a class=\"wp-block-latest-posts__post-title\" href=\"https:\/\/bivouhack.fr\/index.php\/2023\/07\/23\/ovss-1-debroussaillage-preparatifs-et-presentation\/\">\u00d6vsS #1 D\u00e9broussaillage, pr\u00e9paratifs et pr\u00e9sentation<\/a><div class=\"wp-block-latest-posts__post-excerpt\">Oy\u00e9 braves gens, je donne peu de nouvelles, et peu d\u2019articles sur le BivouHack. Mais pour ce trip l\u00e0, je vais faire l\u2019effort d\u2019\u00e9crire quelques lignes, avec des ressources si l\u2019envie vous prenait un jour d\u2019aller parcourir plus \u00e0 l\u2019est de la France. Ce ne sera pas 1 article par &hellip; <p class=\"link-more\"><a href=\"https:\/\/bivouhack.fr\/index.php\/2023\/07\/23\/ovss-1-debroussaillage-preparatifs-et-presentation\/\" class=\"more-link\">Lire la suite de<span class=\"screen-reader-text\">\u00ab\u00a0\u00d6vsS #1 D\u00e9broussaillage, pr\u00e9paratifs et pr\u00e9sentation\u00a0\u00bb<\/span><\/a><\/p><\/div><\/li>\n<\/ul>","protected":false},"excerpt":{"rendered":"<p>Derri\u00e8re ce titre barbare se cache de biens charmantes personnes : Clark notre envoy\u00e9e sp\u00e9ciale, Oscar son grand nounours charmant et Bosco, leur toutou foufou. Suivez nos h\u00e9ros dans leurs aventures \u00e0 bord du Scomion, un bolide aussi chaleureux que magnifique. Les derniers articles<\/p>\n","protected":false},"author":1,"featured_media":0,"parent":0,"menu_order":0,"comment_status":"closed","ping_status":"closed","template":"","meta":{"inspiro_hide_title":false,"footnotes":""},"class_list":["post-9465","page","type-page","status-publish","hentry"],"aioseo_notices":[],"_links":{"self":[{"href":"https:\/\/bivouhack.fr\/index.php\/wp-json\/wp\/v2\/pages\/9465","targetHints":{"allow":["GET"]}}],"collection":[{"href":"https:\/\/bivouhack.fr\/index.php\/wp-json\/wp\/v2\/pages"}],"about":[{"href":"https:\/\/bivouhack.fr\/index.php\/wp-json\/wp\/v2\/types\/page"}],"author":[{"embeddable":true,"href":"https:\/\/bivouhack.fr\/index.php\/wp-json\/wp\/v2\/users\/1"}],"replies":[{"embeddable":true,"href":"https:\/\/bivouhack.fr\/index.php\/wp-json\/wp\/v2\/comments?post=9465"}],"version-history":[{"count":7,"href":"https:\/\/bivouhack.fr\/index.php\/wp-json\/wp\/v2\/pages\/9465\/revisions"}],"predecessor-version":[{"id":9510,"href":"https:\/\/bivouhack.fr\/index.php\/wp-json\/wp\/v2\/pages\/9465\/revisions\/9510"}],"wp:attachment":[{"href":"https:\/\/bivouhack.fr\/index.php\/wp-json\/wp\/v2\/media?parent=9465"}],"curies":[{"name":"wp","href":"https:\/\/api.w.org\/{rel}","templated":true}]}}